{"id":80,"date":"2022-11-21T14:01:12","date_gmt":"2022-11-21T13:01:12","guid":{"rendered":"http:\/\/decroly.flowzit.com\/?page_id=80"},"modified":"2024-01-24T11:35:55","modified_gmt":"2024-01-24T11:35:55","slug":"plan-dacces","status":"publish","type":"page","link":"https:\/\/www.ecoledecroly.be\/index.php\/plan-dacces\/","title":{"rendered":"Plan d&rsquo;acc\u00e8s"},"content":{"rendered":"\n<p class=\"has-black-color has-text-color\" style=\"font-size:14px\">Le site principal de l\u2019\u00e9cole est situ\u00e9&nbsp;:<br><strong>45 dr\u00e8ve des Gendarmes \u2013 1180 Uccle<\/strong><br><br>Les cours des deux derni\u00e8res ann\u00e9es sont donn\u00e9s avenue<strong> Hamoir n\u00b0 6<\/strong><br>Les maternelles sont situ\u00e9s avenue<strong> Casalta<\/strong> <strong>n\u00b0 10 <\/strong> \u00e0 cinq minutes de la Dr\u00e8ve.<br><br><\/p>\n\n\n\n<iframe src=\"https:\/\/www.google.com\/maps\/embed?pb=!1m18!1m12!1m3!1d2521.8162867321716!2d4.376960415857802!3d50.79751317017704!2m3!1f0!2f0!3f0!3m2!1i1024!2i768!4f13.1!3m3!1m2!1s0x47c3c523aa6a8b41%3A0x760da30b1d27bcd4!2sDr%C3%A8ve%20des%20Gendarmes%2045%2C%201180%20Uccle!5e0!3m2!1sfr!2sbe!4v1669036346194!5m2!1sfr!2sbe\" width=\"600\" height=\"450\" style=\"border:0;\" allowfullscreen=\"\" loading=\"lazy\" referrerpolicy=\"no-referrer-when-downgrade\"><\/iframe>\n\n\n\n<p class=\"has-black-color has-text-color has-small-font-size\"><br><strong>Moyens d\u2019acc\u00e8s :&nbsp;<\/strong><br>Bus : 41&nbsp;&nbsp; Transvaal \u2013H\u00e9ros<br>W&nbsp; &nbsp; Braine L\u2019alleud \u2013 Waterloo \u2013 Porte de Hal&nbsp;<br>R&nbsp; &nbsp;&nbsp; Dilbeek \u2013 Rhode \u2013 Alsemberg&nbsp;<br>43&nbsp; Observatoire \u2013 Kauwberg&nbsp;<br>Tram : 92&nbsp;&nbsp; Fort Jaco \u2013 Schaerbeek&nbsp;<br>Train: Gare Vivier d\u2019Oie ligne 26 Hall \u2013 Mechelen&nbsp;<\/p>\n","protected":false},"excerpt":{"rendered":"<p>Le site principal de l\u2019\u00e9cole est situ\u00e9&nbsp;:45 dr\u00e8ve des Gendarmes \u2013 1180 Uccle Les cours des deux derni\u00e8res ann\u00e9es sont donn\u00e9s avenue Hamoir n\u00b0 6Les maternelles sont situ\u00e9s avenue Casalta n\u00b0 10 \u00e0 cinq minutes de la Dr\u00e8ve. Moyens d\u2019acc\u00e8s :&nbsp;Bus : 41&nbsp;&nbsp; Transvaal \u2013H\u00e9rosW&nbsp; &nbsp; Braine L\u2019alleud \u2013 Waterloo \u2013 Porte de Hal&nbsp;R&nbsp; &nbsp;&nbsp;&hellip;<\/p>\n","protected":false},"author":3,"featured_media":0,"parent":0,"menu_order":0,"comment_status":"closed","ping_status":"closed","template":"","meta":{"sfsi_plus_gutenberg_text_before_share":"","sfsi_plus_gutenberg_show_text_before_share":"","sfsi_plus_gutenberg_icon_type":"","sfsi_plus_gutenberg_icon_alignemt":"","sfsi_plus_gutenburg_max_per_row":"","footnotes":""},"class_list":["post-80","page","type-page","status-publish","hentry"],"_links":{"self":[{"href":"https:\/\/www.ecoledecroly.be\/index.php\/wp-json\/wp\/v2\/pages\/80","targetHints":{"allow":["GET"]}}],"collection":[{"href":"https:\/\/www.ecoledecroly.be\/index.php\/wp-json\/wp\/v2\/pages"}],"about":[{"href":"https:\/\/www.ecoledecroly.be\/index.php\/wp-json\/wp\/v2\/types\/page"}],"author":[{"embeddable":true,"href":"https:\/\/www.ecoledecroly.be\/index.php\/wp-json\/wp\/v2\/users\/3"}],"replies":[{"embeddable":true,"href":"https:\/\/www.ecoledecroly.be\/index.php\/wp-json\/wp\/v2\/comments?post=80"}],"version-history":[{"count":3,"href":"https:\/\/www.ecoledecroly.be\/index.php\/wp-json\/wp\/v2\/pages\/80\/revisions"}],"predecessor-version":[{"id":1908,"href":"https:\/\/www.ecoledecroly.be\/index.php\/wp-json\/wp\/v2\/pages\/80\/revisions\/1908"}],"wp:attachment":[{"href":"https:\/\/www.ecoledecroly.be\/index.php\/wp-json\/wp\/v2\/media?parent=80"}],"curies":[{"name":"wp","href":"https:\/\/api.w.org\/{rel}","templated":true}]}}