{"id":4053,"date":"2025-09-24T06:08:57","date_gmt":"2025-09-24T06:08:57","guid":{"rendered":"https:\/\/www.ecoledecroly.be\/?page_id=4053"},"modified":"2026-03-09T14:48:47","modified_gmt":"2026-03-09T14:48:47","slug":"inscription-a-lecole-secondaire","status":"publish","type":"page","link":"https:\/\/www.ecoledecroly.be\/index.php\/inscription-a-lecole-secondaire\/","title":{"rendered":"Inscriptions \u00e0 l&rsquo;\u00e9cole secondaire"},"content":{"rendered":"\n<p class=\"has-vivid-red-color has-text-color has-link-color has-medium-font-size wp-elements-eba27151bb60bcd4ec04905acc45f1ef\"><strong>Inscriptions \u00e0 l\u2019\u00e9cole secondaire pour&nbsp;l\u2019ann\u00e9e&nbsp;2026-2027<\/strong><\/p>\n\n\n\n<p class=\"has-medium-font-size\"><strong>-&gt;<\/strong> <strong>INSCRIPTIONS 7<sup>\u00e8me<\/sup> ann\u00e9e&nbsp; (1<sup>\u00e8re<\/sup> secondaire):<\/strong><\/p>\n\n\n\n<p>Les \u00e9coles secondaires, dont Decroly, sont soumises au d\u00e9cret \u00ab Inscriptions \u00bb de la F\u00e9d\u00e9ration Wallonie-Bruxelles. Pour obtenir plus de renseignements concernant la proc\u00e9dure d\u2019inscriptions, cliquez sur le lien ci-apr\u00e8s&nbsp;: http:\/\/www.inscription.cfwb.be\/<\/p>\n\n\n\n<p>Les inscriptions en 1\u00e8re&nbsp;secondaire se d\u00e9rouleront <strong>en pr\u00e9sentiel sur rendez-vous du lundi 02\/02\/2026 au vendredi 13\/02\/26 et du lundi 02\/03\/26 au vendredi 06\/03\/26<\/strong>.&nbsp; Les rendez-vous se prennent <strong>en ligne<\/strong> <a href=\"https:\/\/calendar.google.com\/calendar\/u\/0\/appointments\/schedules\/AcZssZ3Eodj2aHTuXyiwnljy1QMtrpSps5vxQRAOtjeAgtTFeM4jFSk3atkRJ8yH7t_fHZfECCHR03Jy\" data-type=\"page\" data-id=\"4053\" target=\"_blank\" rel=\"noreferrer noopener\">ici<\/a><br><br>Le jour de l\u2019entrevue il faudra se munir&nbsp;:&nbsp;<br>\u2013 Carte ID de l\u2019enfant (Obligatoire)<br>\u2013 FUI = Formulaire unique d\u2019inscription COMPLETE. Ce formulaire est d\u00e9livr\u00e9 par l\u2019\u00e9cole primaire francophone ou la FWB (Obligatoire)<br>\u2013 Composition de m\u00e9nage si valorisation d\u2019un autre domicile (Facultatif en fonction des situations)<br>\u2013 Autres documents (Facultatif en fonction des situations)<\/p>\n\n\n\n<p class=\"has-medium-font-size\"><strong>-&gt; INSCRIPTIONS de la 9<sup>\u00e8me<\/sup>&nbsp; ann\u00e9e \u00e0 la 11<sup>\u00e8me&nbsp;<\/sup>ann\u00e9e <\/strong><\/p>\n\n\n\n<p>Les inscriptions de la 9\u00e8me&nbsp;ann\u00e9e \u00e0 la 11\u00e8me&nbsp;ann\u00e9e se font&nbsp;<strong>uniquement par t\u00e9l\u00e9phone<\/strong>&nbsp;et sur liste d\u2019attente,&nbsp;<strong>le lundi 16 mars 2026<\/strong>&nbsp;\u00e0 partir de 8h30 au 02\/374 17 03. La ligne t\u00e9l\u00e9phonique risque d&rsquo;\u00eatre satur\u00e9e, armez-vous de patience &#8230;<\/p>\n\n\n\n<p>Les informations suivantes seront demand\u00e9es : Nom et pr\u00e9nom, nationalit\u00e9, date et lieu de naissance, adresse, t\u00e9l\u00e9phone, \u00e9cole ant\u00e9rieure,&nbsp;<strong>choix d&rsquo;options<\/strong>&nbsp;(les listes d&rsquo;options sont consultables sur le site) et motif du changement d&rsquo;\u00e9cole.&nbsp;<\/p>\n\n\n\n<p><\/p>\n","protected":false},"excerpt":{"rendered":"<p>Inscriptions \u00e0 l\u2019\u00e9cole secondaire pour&nbsp;l\u2019ann\u00e9e&nbsp;2026-2027 -&gt; INSCRIPTIONS 7\u00e8me ann\u00e9e&nbsp; (1\u00e8re secondaire): Les \u00e9coles secondaires, dont Decroly, sont soumises au d\u00e9cret \u00ab Inscriptions \u00bb de la F\u00e9d\u00e9ration Wallonie-Bruxelles. Pour obtenir plus de renseignements concernant la proc\u00e9dure d\u2019inscriptions, cliquez sur le lien ci-apr\u00e8s&nbsp;: http:\/\/www.inscription.cfwb.be\/ Les inscriptions en 1\u00e8re&nbsp;secondaire se d\u00e9rouleront en pr\u00e9sentiel sur rendez-vous du lundi 02\/02\/2026&hellip;<\/p>\n","protected":false},"author":3,"featured_media":0,"parent":0,"menu_order":0,"comment_status":"closed","ping_status":"closed","template":"","meta":{"sfsi_plus_gutenberg_text_before_share":"","sfsi_plus_gutenberg_show_text_before_share":"","sfsi_plus_gutenberg_icon_type":"","sfsi_plus_gutenberg_icon_alignemt":"","sfsi_plus_gutenburg_max_per_row":"","footnotes":""},"class_list":["post-4053","page","type-page","status-publish","hentry"],"_links":{"self":[{"href":"https:\/\/www.ecoledecroly.be\/index.php\/wp-json\/wp\/v2\/pages\/4053","targetHints":{"allow":["GET"]}}],"collection":[{"href":"https:\/\/www.ecoledecroly.be\/index.php\/wp-json\/wp\/v2\/pages"}],"about":[{"href":"https:\/\/www.ecoledecroly.be\/index.php\/wp-json\/wp\/v2\/types\/page"}],"author":[{"embeddable":true,"href":"https:\/\/www.ecoledecroly.be\/index.php\/wp-json\/wp\/v2\/users\/3"}],"replies":[{"embeddable":true,"href":"https:\/\/www.ecoledecroly.be\/index.php\/wp-json\/wp\/v2\/comments?post=4053"}],"version-history":[{"count":24,"href":"https:\/\/www.ecoledecroly.be\/index.php\/wp-json\/wp\/v2\/pages\/4053\/revisions"}],"predecessor-version":[{"id":4466,"href":"https:\/\/www.ecoledecroly.be\/index.php\/wp-json\/wp\/v2\/pages\/4053\/revisions\/4466"}],"wp:attachment":[{"href":"https:\/\/www.ecoledecroly.be\/index.php\/wp-json\/wp\/v2\/media?parent=4053"}],"curies":[{"name":"wp","href":"https:\/\/api.w.org\/{rel}","templated":true}]}}