{"id":4051,"date":"2025-09-24T06:08:00","date_gmt":"2025-09-24T06:08:00","guid":{"rendered":"https:\/\/www.ecoledecroly.be\/?page_id=4051"},"modified":"2025-09-24T10:13:43","modified_gmt":"2025-09-24T10:13:43","slug":"inscriptions-a-lecole-fondamentale","status":"publish","type":"page","link":"https:\/\/www.ecoledecroly.be\/index.php\/inscriptions-a-lecole-fondamentale\/","title":{"rendered":"Inscriptions \u00e0 l\u2019\u00e9cole fondamentale"},"content":{"rendered":"\n<h3 class=\"wp-block-heading\"><strong>R\u00e9inscriptions &#8211; Ann\u00e9e scolaire 2026-2027<\/strong><\/h3>\n\n\n\n<ul class=\"wp-block-list\">\n<li>Les r\u00e9inscriptions pour les \u00e9l\u00e8ves d\u00e9j\u00e0 pr\u00e9sents \u00e0 l\u2019\u00e9cole ouvriront \u00e0 partir du <strong>9 f\u00e9vrier<\/strong>.<br><\/li>\n\n\n\n<li>Elles se feront via un <strong>Google Forms<\/strong> transmis par mail et par les d\u00e9l\u00e9gu\u00e9s.<\/li>\n<\/ul>\n\n\n\n<p>Attention : Le lien vers le formulaire sera supprim\u00e9 \u00e0 partir du 15 mars 2025.<br><\/p>\n\n\n\n<h3 class=\"wp-block-heading\"><strong>Prioritaires &#8211; Ann\u00e9e scolaire 2026-2027<\/strong><\/h3>\n\n\n\n<ul class=\"wp-block-list\">\n<li><strong>Fr\u00e8res et s\u0153urs d\u2019\u00e9l\u00e8ves d\u00e9j\u00e0 inscrits<\/strong> + <strong>enfants de professeurs<\/strong><strong><br><\/strong><\/li>\n\n\n\n<li>Proc\u00e9dure acc\u00e9l\u00e9r\u00e9e via un <strong>Google Forms sp\u00e9cifique<\/strong> envoy\u00e9 aux alentours du <strong>1er octobre<\/strong> (par mail et via les d\u00e9l\u00e9gu\u00e9s).<\/li>\n<\/ul>\n\n\n\n<p>Attention : Le lien vers le formulaire sera supprim\u00e9 \u00e0 partir du 31 d\u00e9cembre 2025.<br><\/p>\n\n\n\n<h3 class=\"wp-block-heading\"><strong>Inscriptions &#8211; Nouveaux \u00e9l\u00e8ves<\/strong><\/h3>\n\n\n\n<h4 class=\"wp-block-heading\"><strong>Maternelle appel\u00e9 Jardin d\u2019enfants (enfants n\u00e9s \u00e0 partir de 2024)<\/strong><\/h4>\n\n\n\n<ul class=\"wp-block-list\">\n<li>Inscription via un <strong>Google Forms<\/strong> :<a href=\"https:\/\/forms.gle\/U2cLLHQ6WktsM3uS9\" target=\"_blank\" rel=\"noreferrer noopener\"> Formulaire d\u2019inscription anticip\u00e9e<\/a><\/li>\n\n\n\n<li>Participation en parall\u00e8le \u00e0 une <strong>visite collective<br><\/strong> \u2192 Inscription \u00e0 la visite via un <strong>Google Forms<\/strong> :<a href=\"https:\/\/forms.gle\/sqqyHGLMVBoyUjpe7\" target=\"_blank\" rel=\"noreferrer noopener\"> Formulaire Visite\u00a0<\/a><\/li>\n\n\n\n<li>L\u2019inscription et la visite peuvent se faire dans l\u2019un ou l\u2019autre ordre.<br><\/li>\n<\/ul>\n\n\n\n<h4 class=\"wp-block-heading\"><strong>Maternelle appel\u00e9 Jardin d\u2019enfants (enfants n\u00e9s de 2021 \u00e0 2023)<\/strong><\/h4>\n\n\n\n<ul class=\"wp-block-list\">\n<li>Inscription via un <strong>Google Forms<\/strong> :<a href=\"https:\/\/forms.gle\/bgVcjnHUbPBXgErJ6\"> Formulaire d\u2019inscription<br><\/a><\/li>\n\n\n\n<li>Participation en parall\u00e8le \u00e0 une <strong>visite collective<\/strong><strong><br><\/strong> \u2192 Inscription \u00e0 la visite via un <strong>Google Forms<\/strong> :<a href=\"https:\/\/forms.gle\/sqqyHGLMVBoyUjpe7\"> Formulaire Visite&nbsp;<\/a><\/li>\n\n\n\n<li>L\u2019inscription et la visite peuvent se faire dans l\u2019un ou l\u2019autre ordre.<br><\/li>\n<\/ul>\n\n\n\n<h4 class=\"wp-block-heading\"><strong>Primaires (enfants n\u00e9s de 2015 \u00e0 2020)<\/strong><\/h4>\n\n\n\n<ul class=\"wp-block-list\">\n<li>Passage <strong>obligatoire<\/strong> par une <strong>visite collective<br><\/strong> \u2192<a href=\"https:\/\/forms.gle\/sqqyHGLMVBoyUjpe7\" target=\"_blank\" rel=\"noreferrer noopener\"> Formulaire Visite\u00a0<\/a><\/li>\n\n\n\n<li>Suivie de l\u2019<strong>inscription<\/strong> via un <strong>Google Forms<\/strong> :<a href=\"https:\/\/forms.gle\/bgVcjnHUbPBXgErJ6\" target=\"_blank\" rel=\"noreferrer noopener\"> Formulaire d\u2019inscription<br><\/a><\/li>\n<\/ul>\n\n\n\n<h3 class=\"wp-block-heading\"><strong>Suite \u00e0 l\u2019inscription<\/strong><\/h3>\n\n\n\n<ul class=\"wp-block-list\">\n<li>Un <strong>rendez-vous individuel de 30 minutes<\/strong> est pr\u00e9vu afin d\u2019\u00e9changer sur l\u2019enfant.<br><\/li>\n<\/ul>\n\n\n\n<h3 class=\"wp-block-heading\"><strong>Dates des r\u00e9unions collectives<\/strong><\/h3>\n\n\n\n<ul class=\"wp-block-list\">\n<li>18h00 \u2013 19h30 : <strong>Primaires<\/strong><strong><br><\/strong><\/li>\n\n\n\n<li>19h30 \u2013 21h00 : <strong>Jardin d\u2019enfants<\/strong><strong><br><\/strong><\/li>\n\n\n\n<li>Lundi <strong>13 octobre<\/strong><strong><br><\/strong><\/li>\n\n\n\n<li>Mardi <strong>4 novembre<br><\/strong><\/li>\n\n\n\n<li>Mardi <strong>13 janvier<\/strong><strong><br><\/strong><\/li>\n\n\n\n<li>Mardi <strong>10 mars<\/strong><strong><br><\/strong><\/li>\n\n\n\n<li>Lundi <strong>18 mai<\/strong><strong><br><\/strong><\/li>\n<\/ul>\n\n\n\n<p><strong>Validation des inscriptions<\/strong><\/p>\n\n\n\n<ul class=\"wp-block-list\">\n<li><strong>Jardin d\u2019enfants<\/strong> : validation <strong>le plus t\u00f4t possible<\/strong>.<br><\/li>\n\n\n\n<li><strong>Reste de l\u2019\u00e9cole<\/strong> : validation <strong>\u00e0 partir du 15 mars<\/strong>.<\/li>\n<\/ul>\n","protected":false},"excerpt":{"rendered":"<p>R\u00e9inscriptions &#8211; Ann\u00e9e scolaire 2026-2027 Attention : Le lien vers le formulaire sera supprim\u00e9 \u00e0 partir du 15 mars 2025. Prioritaires &#8211; Ann\u00e9e scolaire 2026-2027 Attention : Le lien vers le formulaire sera supprim\u00e9 \u00e0 partir du 31 d\u00e9cembre 2025. Inscriptions &#8211; Nouveaux \u00e9l\u00e8ves Maternelle appel\u00e9 Jardin d\u2019enfants (enfants n\u00e9s \u00e0 partir de 2024) Maternelle&hellip;<\/p>\n","protected":false},"author":3,"featured_media":0,"parent":0,"menu_order":0,"comment_status":"closed","ping_status":"closed","template":"","meta":{"sfsi_plus_gutenberg_text_before_share":"","sfsi_plus_gutenberg_show_text_before_share":"","sfsi_plus_gutenberg_icon_type":"","sfsi_plus_gutenberg_icon_alignemt":"","sfsi_plus_gutenburg_max_per_row":"","footnotes":""},"class_list":["post-4051","page","type-page","status-publish","hentry"],"_links":{"self":[{"href":"https:\/\/www.ecoledecroly.be\/index.php\/wp-json\/wp\/v2\/pages\/4051","targetHints":{"allow":["GET"]}}],"collection":[{"href":"https:\/\/www.ecoledecroly.be\/index.php\/wp-json\/wp\/v2\/pages"}],"about":[{"href":"https:\/\/www.ecoledecroly.be\/index.php\/wp-json\/wp\/v2\/types\/page"}],"author":[{"embeddable":true,"href":"https:\/\/www.ecoledecroly.be\/index.php\/wp-json\/wp\/v2\/users\/3"}],"replies":[{"embeddable":true,"href":"https:\/\/www.ecoledecroly.be\/index.php\/wp-json\/wp\/v2\/comments?post=4051"}],"version-history":[{"count":4,"href":"https:\/\/www.ecoledecroly.be\/index.php\/wp-json\/wp\/v2\/pages\/4051\/revisions"}],"predecessor-version":[{"id":4093,"href":"https:\/\/www.ecoledecroly.be\/index.php\/wp-json\/wp\/v2\/pages\/4051\/revisions\/4093"}],"wp:attachment":[{"href":"https:\/\/www.ecoledecroly.be\/index.php\/wp-json\/wp\/v2\/media?parent=4051"}],"curies":[{"name":"wp","href":"https:\/\/api.w.org\/{rel}","templated":true}]}}