{"id":347,"date":"2022-11-23T10:40:45","date_gmt":"2022-11-23T09:40:45","guid":{"rendered":"http:\/\/decroly.flowzit.com\/?page_id=347"},"modified":"2023-08-27T13:44:15","modified_gmt":"2023-08-27T13:44:15","slug":"avenue-hamoir-n6","status":"publish","type":"page","link":"https:\/\/www.ecoledecroly.be\/index.php\/avenue-hamoir-n6\/","title":{"rendered":"Avenue Hamoir n\u00b06"},"content":{"rendered":"\n<p class=\"has-black-color has-text-color\" style=\"font-size:15px\">Le site de l&rsquo;avenue Hamoir accueille les \u00e9l\u00e8ves de 11<sup>\u00e8me<\/sup> et 12<sup>\u00e8me<\/sup><\/p>\n\n\n\n<div class=\"wp-block-columns is-layout-flex wp-container-core-columns-is-layout-9d6595d7 wp-block-columns-is-layout-flex\">\n<div class=\"wp-block-column is-layout-flow wp-block-column-is-layout-flow\"><div class=\"carousel-slider-outer carousel-slider-outer-image-carousel carousel-slider-outer-1748\" style=\"--carousel-slider-nav-color:#f1f1f1;--carousel-slider-active-nav-color:#00d1b2;--carousel-slider-arrow-size:48px;--carousel-slider-bullet-size:10px\">\n<div id=\"&#039;id-1748\" class=\"carousel-slider carousel-slider-1748 arrows-visibility-hover dots-visibility-never arrows-outside dots-center dots-circle owl-carousel\" data-slide-type=\"image-carousel\" data-owl-settings='{\"nav\":true,\"dots\":false,\"slideBy\":1,\"stagePadding\":0,\"margin\":10,\"loop\":true,\"lazyLoad\":false,\"autoplay\":false,\"autoplayTimeout\":5000,\"autoplaySpeed\":500,\"autoplayHoverPause\":false,\"autoWidth\":false,\"responsive\":{\"300\":{\"items\":1},\"576\":{\"items\":2},\"768\":{\"items\":2},\"1024\":{\"items\":3},\"1280\":{\"items\":3},\"1536\":{\"items\":3}}}'>\n<div class=\"carousel-slider__item\">\n\t<a class=\"magnific-popup\" href=\"https:\/\/www.ecoledecroly.be\/wp-content\/uploads\/2023\/06\/OKHamoirH3.jpeg\" data-width=\"950\" data-height=\"700\"><img loading=\"lazy\" decoding=\"async\" width=\"640\" height=\"472\" src=\"https:\/\/www.ecoledecroly.be\/wp-content\/uploads\/2023\/06\/OKHamoirH3.jpeg\" class=\"attachment-large size-large\" alt=\"\" srcset=\"https:\/\/www.ecoledecroly.be\/wp-content\/uploads\/2023\/06\/OKHamoirH3.jpeg 950w, https:\/\/www.ecoledecroly.be\/wp-content\/uploads\/2023\/06\/OKHamoirH3-300x221.jpeg 300w, https:\/\/www.ecoledecroly.be\/wp-content\/uploads\/2023\/06\/OKHamoirH3-768x566.jpeg 768w\" sizes=\"auto, (max-width: 640px) 100vw, 640px\" \/><div class=\"carousel-slider__caption\"><p class=\"caption\"><\/p><\/div><\/a><\/div>\n\n<div class=\"carousel-slider__item\">\n\t<a class=\"magnific-popup\" href=\"https:\/\/www.ecoledecroly.be\/wp-content\/uploads\/2023\/04\/IMG_0236.jpg\" data-width=\"950\" data-height=\"700\"><img loading=\"lazy\" decoding=\"async\" width=\"640\" height=\"472\" src=\"https:\/\/www.ecoledecroly.be\/wp-content\/uploads\/2023\/04\/IMG_0236.jpg\" class=\"attachment-large size-large\" alt=\"\" srcset=\"https:\/\/www.ecoledecroly.be\/wp-content\/uploads\/2023\/04\/IMG_0236.jpg 950w, https:\/\/www.ecoledecroly.be\/wp-content\/uploads\/2023\/04\/IMG_0236-300x221.jpg 300w, https:\/\/www.ecoledecroly.be\/wp-content\/uploads\/2023\/04\/IMG_0236-768x566.jpg 768w\" sizes=\"auto, (max-width: 640px) 100vw, 640px\" \/><div class=\"carousel-slider__caption\"><p class=\"caption\"><\/p><\/div><\/a><\/div>\n\n<div class=\"carousel-slider__item\">\n\t<a class=\"magnific-popup\" href=\"https:\/\/www.ecoledecroly.be\/wp-content\/uploads\/2023\/06\/OKhamoir4.jpg\" data-width=\"950\" data-height=\"700\"><img loading=\"lazy\" decoding=\"async\" width=\"640\" height=\"472\" src=\"https:\/\/www.ecoledecroly.be\/wp-content\/uploads\/2023\/06\/OKhamoir4.jpg\" class=\"attachment-large size-large\" alt=\"\" srcset=\"https:\/\/www.ecoledecroly.be\/wp-content\/uploads\/2023\/06\/OKhamoir4.jpg 950w, https:\/\/www.ecoledecroly.be\/wp-content\/uploads\/2023\/06\/OKhamoir4-300x221.jpg 300w, https:\/\/www.ecoledecroly.be\/wp-content\/uploads\/2023\/06\/OKhamoir4-768x566.jpg 768w\" sizes=\"auto, (max-width: 640px) 100vw, 640px\" \/><div class=\"carousel-slider__caption\"><p class=\"caption\"><\/p><\/div><\/a><\/div>\n\n<\/div><!-- .carousel-slider-1748 -->\n<\/div><!-- .carousel-slider-outer-1748 -->\n\n<\/div>\n<\/div>\n\n\n<div class=\"carousel-slider-outer carousel-slider-outer-image-carousel carousel-slider-outer-1751\" style=\"--carousel-slider-nav-color:#f1f1f1;--carousel-slider-active-nav-color:#00d1b2;--carousel-slider-arrow-size:48px;--carousel-slider-bullet-size:10px\">\n<div id=\"&#039;id-1751\" class=\"carousel-slider carousel-slider-1751 arrows-visibility-hover dots-visibility-never arrows-outside dots-center dots-circle owl-carousel\" data-slide-type=\"image-carousel\" data-owl-settings='{\"nav\":true,\"dots\":false,\"slideBy\":1,\"stagePadding\":0,\"margin\":10,\"loop\":true,\"lazyLoad\":false,\"autoplay\":false,\"autoplayTimeout\":5000,\"autoplaySpeed\":500,\"autoplayHoverPause\":false,\"autoWidth\":false,\"responsive\":{\"300\":{\"items\":1},\"576\":{\"items\":2},\"768\":{\"items\":2},\"1024\":{\"items\":3},\"1280\":{\"items\":3},\"1536\":{\"items\":3}}}'>\n<div class=\"carousel-slider__item\">\n\t<a class=\"magnific-popup\" href=\"https:\/\/www.ecoledecroly.be\/wp-content\/uploads\/2022\/11\/IMG_0271.jpg\" data-width=\"2048\" data-height=\"1536\"><img loading=\"lazy\" decoding=\"async\" width=\"640\" height=\"480\" src=\"https:\/\/www.ecoledecroly.be\/wp-content\/uploads\/2022\/11\/IMG_0271-768x576.jpg\" class=\"attachment-medium_large size-medium_large\" alt=\"\" srcset=\"https:\/\/www.ecoledecroly.be\/wp-content\/uploads\/2022\/11\/IMG_0271-768x576.jpg 768w, https:\/\/www.ecoledecroly.be\/wp-content\/uploads\/2022\/11\/IMG_0271-300x225.jpg 300w, https:\/\/www.ecoledecroly.be\/wp-content\/uploads\/2022\/11\/IMG_0271-1024x768.jpg 1024w, https:\/\/www.ecoledecroly.be\/wp-content\/uploads\/2022\/11\/IMG_0271-1536x1152.jpg 1536w, https:\/\/www.ecoledecroly.be\/wp-content\/uploads\/2022\/11\/IMG_0271.jpg 2048w\" sizes=\"auto, (max-width: 640px) 100vw, 640px\" \/><div class=\"carousel-slider__caption\"><p class=\"caption\"><\/p><\/div><\/a><\/div>\n\n<div class=\"carousel-slider__item\">\n\t<a class=\"magnific-popup\" href=\"https:\/\/www.ecoledecroly.be\/wp-content\/uploads\/2023\/04\/cropped-IMG_0113.jpg\" data-width=\"1920\" data-height=\"1280\"><img loading=\"lazy\" decoding=\"async\" width=\"640\" height=\"427\" src=\"https:\/\/www.ecoledecroly.be\/wp-content\/uploads\/2023\/04\/cropped-IMG_0113-768x512.jpg\" class=\"attachment-medium_large size-medium_large\" alt=\"\" srcset=\"https:\/\/www.ecoledecroly.be\/wp-content\/uploads\/2023\/04\/cropped-IMG_0113-768x512.jpg 768w, https:\/\/www.ecoledecroly.be\/wp-content\/uploads\/2023\/04\/cropped-IMG_0113-300x200.jpg 300w, https:\/\/www.ecoledecroly.be\/wp-content\/uploads\/2023\/04\/cropped-IMG_0113-1024x683.jpg 1024w, https:\/\/www.ecoledecroly.be\/wp-content\/uploads\/2023\/04\/cropped-IMG_0113-1536x1024.jpg 1536w, https:\/\/www.ecoledecroly.be\/wp-content\/uploads\/2023\/04\/cropped-IMG_0113.jpg 1920w\" sizes=\"auto, (max-width: 640px) 100vw, 640px\" \/><div class=\"carousel-slider__caption\"><p class=\"caption\"><\/p><\/div><\/a><\/div>\n\n<div class=\"carousel-slider__item\">\n\t<a class=\"magnific-popup\" href=\"https:\/\/www.ecoledecroly.be\/wp-content\/uploads\/2023\/04\/IMG_0199-1.jpg\" data-width=\"950\" data-height=\"700\"><img loading=\"lazy\" decoding=\"async\" width=\"640\" height=\"472\" src=\"https:\/\/www.ecoledecroly.be\/wp-content\/uploads\/2023\/04\/IMG_0199-1-768x566.jpg\" class=\"attachment-medium_large size-medium_large\" alt=\"\" srcset=\"https:\/\/www.ecoledecroly.be\/wp-content\/uploads\/2023\/04\/IMG_0199-1-768x566.jpg 768w, https:\/\/www.ecoledecroly.be\/wp-content\/uploads\/2023\/04\/IMG_0199-1-300x221.jpg 300w, https:\/\/www.ecoledecroly.be\/wp-content\/uploads\/2023\/04\/IMG_0199-1.jpg 950w\" sizes=\"auto, (max-width: 640px) 100vw, 640px\" \/><div class=\"carousel-slider__caption\"><p class=\"caption\"><\/p><\/div><\/a><\/div>\n\n<\/div><!-- .carousel-slider-1751 -->\n<\/div><!-- .carousel-slider-outer-1751 -->\n\n\n\n\n<div class=\"wp-block-columns is-layout-flex wp-container-core-columns-is-layout-9d6595d7 wp-block-columns-is-layout-flex\">\n<div class=\"wp-block-column is-layout-flow wp-block-column-is-layout-flow\"><\/div>\n<\/div>\n\n\n<div class=\"carousel-slider-outer carousel-slider-outer-image-carousel carousel-slider-outer-1754\" style=\"--carousel-slider-nav-color:#f1f1f1;--carousel-slider-active-nav-color:#00d1b2;--carousel-slider-arrow-size:48px;--carousel-slider-bullet-size:10px\">\n<div id=\"&#039;id-1754\" class=\"carousel-slider carousel-slider-1754 arrows-visibility-hover dots-visibility-never arrows-outside dots-center dots-circle owl-carousel\" data-slide-type=\"image-carousel\" data-owl-settings='{\"nav\":true,\"dots\":false,\"slideBy\":1,\"stagePadding\":0,\"margin\":10,\"loop\":true,\"lazyLoad\":false,\"autoplay\":false,\"autoplayTimeout\":5000,\"autoplaySpeed\":500,\"autoplayHoverPause\":false,\"autoWidth\":false,\"responsive\":{\"300\":{\"items\":1},\"576\":{\"items\":2},\"768\":{\"items\":2},\"1024\":{\"items\":3},\"1280\":{\"items\":3},\"1536\":{\"items\":3}}}'>\n<div class=\"carousel-slider__item\">\n\t<a class=\"magnific-popup\" href=\"https:\/\/www.ecoledecroly.be\/wp-content\/uploads\/2022\/11\/Rachel-2.jpg\" data-width=\"2048\" data-height=\"1536\"><img loading=\"lazy\" decoding=\"async\" width=\"640\" height=\"480\" src=\"https:\/\/www.ecoledecroly.be\/wp-content\/uploads\/2022\/11\/Rachel-2-768x576.jpg\" class=\"attachment-medium_large size-medium_large\" alt=\"\" srcset=\"https:\/\/www.ecoledecroly.be\/wp-content\/uploads\/2022\/11\/Rachel-2-768x576.jpg 768w, https:\/\/www.ecoledecroly.be\/wp-content\/uploads\/2022\/11\/Rachel-2-300x225.jpg 300w, https:\/\/www.ecoledecroly.be\/wp-content\/uploads\/2022\/11\/Rachel-2-1024x768.jpg 1024w, https:\/\/www.ecoledecroly.be\/wp-content\/uploads\/2022\/11\/Rachel-2-1536x1152.jpg 1536w, https:\/\/www.ecoledecroly.be\/wp-content\/uploads\/2022\/11\/Rachel-2.jpg 2048w\" sizes=\"auto, (max-width: 640px) 100vw, 640px\" \/><div class=\"carousel-slider__caption\"><p class=\"caption\"><\/p><\/div><\/a><\/div>\n\n<div class=\"carousel-slider__item\">\n\t<a class=\"magnific-popup\" href=\"https:\/\/www.ecoledecroly.be\/wp-content\/uploads\/2023\/06\/OKHamoirH2.jpeg\" data-width=\"950\" data-height=\"700\"><img loading=\"lazy\" decoding=\"async\" width=\"640\" height=\"472\" src=\"https:\/\/www.ecoledecroly.be\/wp-content\/uploads\/2023\/06\/OKHamoirH2-768x566.jpeg\" class=\"attachment-medium_large size-medium_large\" alt=\"\" srcset=\"https:\/\/www.ecoledecroly.be\/wp-content\/uploads\/2023\/06\/OKHamoirH2-768x566.jpeg 768w, https:\/\/www.ecoledecroly.be\/wp-content\/uploads\/2023\/06\/OKHamoirH2-300x221.jpeg 300w, https:\/\/www.ecoledecroly.be\/wp-content\/uploads\/2023\/06\/OKHamoirH2.jpeg 950w\" sizes=\"auto, (max-width: 640px) 100vw, 640px\" \/><div class=\"carousel-slider__caption\"><p class=\"caption\"><\/p><\/div><\/a><\/div>\n\n<div class=\"carousel-slider__item\">\n\t<a class=\"magnific-popup\" href=\"https:\/\/www.ecoledecroly.be\/wp-content\/uploads\/2023\/06\/OKdreve4H.jpeg\" data-width=\"950\" data-height=\"700\"><img loading=\"lazy\" decoding=\"async\" width=\"640\" height=\"472\" src=\"https:\/\/www.ecoledecroly.be\/wp-content\/uploads\/2023\/06\/OKdreve4H-768x566.jpeg\" class=\"attachment-medium_large size-medium_large\" alt=\"\" srcset=\"https:\/\/www.ecoledecroly.be\/wp-content\/uploads\/2023\/06\/OKdreve4H-768x566.jpeg 768w, https:\/\/www.ecoledecroly.be\/wp-content\/uploads\/2023\/06\/OKdreve4H-300x221.jpeg 300w, https:\/\/www.ecoledecroly.be\/wp-content\/uploads\/2023\/06\/OKdreve4H.jpeg 950w\" sizes=\"auto, (max-width: 640px) 100vw, 640px\" \/><div class=\"carousel-slider__caption\"><p class=\"caption\"><\/p><\/div><\/a><\/div>\n\n<\/div><!-- .carousel-slider-1754 -->\n<\/div><!-- .carousel-slider-outer-1754 -->\n\n","protected":false},"excerpt":{"rendered":"<p>Le site de l&rsquo;avenue Hamoir accueille les \u00e9l\u00e8ves de 11\u00e8me et 12\u00e8me<\/p>\n","protected":false},"author":3,"featured_media":0,"parent":0,"menu_order":0,"comment_status":"closed","ping_status":"closed","template":"","meta":{"sfsi_plus_gutenberg_text_before_share":"","sfsi_plus_gutenberg_show_text_before_share":"","sfsi_plus_gutenberg_icon_type":"","sfsi_plus_gutenberg_icon_alignemt":"","sfsi_plus_gutenburg_max_per_row":"","footnotes":""},"class_list":["post-347","page","type-page","status-publish","hentry"],"_links":{"self":[{"href":"https:\/\/www.ecoledecroly.be\/index.php\/wp-json\/wp\/v2\/pages\/347","targetHints":{"allow":["GET"]}}],"collection":[{"href":"https:\/\/www.ecoledecroly.be\/index.php\/wp-json\/wp\/v2\/pages"}],"about":[{"href":"https:\/\/www.ecoledecroly.be\/index.php\/wp-json\/wp\/v2\/types\/page"}],"author":[{"embeddable":true,"href":"https:\/\/www.ecoledecroly.be\/index.php\/wp-json\/wp\/v2\/users\/3"}],"replies":[{"embeddable":true,"href":"https:\/\/www.ecoledecroly.be\/index.php\/wp-json\/wp\/v2\/comments?post=347"}],"version-history":[{"count":5,"href":"https:\/\/www.ecoledecroly.be\/index.php\/wp-json\/wp\/v2\/pages\/347\/revisions"}],"predecessor-version":[{"id":1760,"href":"https:\/\/www.ecoledecroly.be\/index.php\/wp-json\/wp\/v2\/pages\/347\/revisions\/1760"}],"wp:attachment":[{"href":"https:\/\/www.ecoledecroly.be\/index.php\/wp-json\/wp\/v2\/media?parent=347"}],"curies":[{"name":"wp","href":"https:\/\/api.w.org\/{rel}","templated":true}]}}