{"id":26,"date":"2022-09-21T10:22:49","date_gmt":"2022-09-21T08:22:49","guid":{"rendered":"http:\/\/decroly.flowzit.com\/?page_id=26"},"modified":"2026-03-09T14:49:14","modified_gmt":"2026-03-09T14:49:14","slug":"inscriptions","status":"publish","type":"page","link":"https:\/\/www.ecoledecroly.be\/index.php\/inscriptions\/","title":{"rendered":"Inscriptions"},"content":{"rendered":"\n<p class=\"has-vivid-red-color has-text-color\" style=\"font-size:20px\"><strong>Inscriptions \u00e0 l\u2019\u00e9cole fondamentale<\/strong><\/p>\n\n\n\n<h3 class=\"wp-block-heading\"><strong>R\u00e9inscriptions &#8211; Ann\u00e9e scolaire 2026-2027<\/strong><\/h3>\n\n\n\n<ul class=\"wp-block-list\">\n<li>Les r\u00e9inscriptions pour les \u00e9l\u00e8ves d\u00e9j\u00e0 pr\u00e9sents \u00e0 l\u2019\u00e9cole ouvriront \u00e0 partir du <strong>9 f\u00e9vrier<\/strong>.<br><\/li>\n\n\n\n<li>Elles se feront via un <strong>Google Forms<\/strong> transmis par mail et par les d\u00e9l\u00e9gu\u00e9s.<\/li>\n<\/ul>\n\n\n\n<p>Attention : Le lien vers le formulaire sera supprim\u00e9 \u00e0 partir du 15 mars 2025.<br><\/p>\n\n\n\n<h3 class=\"wp-block-heading\"><strong>Prioritaires &#8211; Ann\u00e9e scolaire 2026-2027<\/strong><\/h3>\n\n\n\n<ul class=\"wp-block-list\">\n<li><strong>Fr\u00e8res et s\u0153urs d\u2019\u00e9l\u00e8ves d\u00e9j\u00e0 inscrits<\/strong> + <strong>enfants de professeurs<\/strong><strong><br><\/strong><\/li>\n\n\n\n<li>Proc\u00e9dure acc\u00e9l\u00e9r\u00e9e via un <strong>Google Forms sp\u00e9cifique<\/strong> envoy\u00e9 aux alentours du <strong>1er octobre<\/strong> (par mail et via les d\u00e9l\u00e9gu\u00e9s).<\/li>\n<\/ul>\n\n\n\n<p>Attention : Le lien vers le formulaire sera supprim\u00e9 \u00e0 partir du 31 d\u00e9cembre 2025.<br><\/p>\n\n\n\n<h3 class=\"wp-block-heading\"><strong>Inscriptions &#8211; Nouveaux \u00e9l\u00e8ves<\/strong><\/h3>\n\n\n\n<h4 class=\"wp-block-heading\"><strong>Maternelle appel\u00e9 Jardin d\u2019enfants (enfants n\u00e9s \u00e0 partir de 2024)<\/strong><\/h4>\n\n\n\n<ul class=\"wp-block-list\">\n<li>Inscription via un <strong>Google Forms<\/strong> :<a href=\"https:\/\/forms.gle\/U2cLLHQ6WktsM3uS9\" target=\"_blank\" rel=\"noreferrer noopener\"> Formulaire d\u2019inscription anticip\u00e9e<\/a><\/li>\n\n\n\n<li>Participation en parall\u00e8le \u00e0 une <strong>visite collective<br><\/strong> \u2192 Inscription \u00e0 la visite via un <strong>Google Forms<\/strong> :<a href=\"https:\/\/forms.gle\/sqqyHGLMVBoyUjpe7\" target=\"_blank\" rel=\"noreferrer noopener\"> Formulaire Visite&nbsp;<\/a><\/li>\n\n\n\n<li>L\u2019inscription et la visite peuvent se faire dans l\u2019un ou l\u2019autre ordre.<br><\/li>\n<\/ul>\n\n\n\n<h4 class=\"wp-block-heading\"><strong>Maternelle appel\u00e9 Jardin d\u2019enfants (enfants n\u00e9s de 2021 \u00e0 2023)<\/strong><\/h4>\n\n\n\n<ul class=\"wp-block-list\">\n<li>Inscription via un <strong>Google Forms<\/strong> :<a href=\"https:\/\/forms.gle\/bgVcjnHUbPBXgErJ6\" target=\"_blank\" rel=\"noreferrer noopener\"> Formulaire d\u2019inscription<br><\/a><\/li>\n\n\n\n<li>Participation en parall\u00e8le \u00e0 une <strong>visite collective<\/strong><strong><br><\/strong> \u2192 Inscription \u00e0 la visite via un <strong>Google Forms<\/strong> :<a href=\"https:\/\/forms.gle\/sqqyHGLMVBoyUjpe7\"> Formulaire Visite&nbsp;<\/a><\/li>\n\n\n\n<li>L\u2019inscription et la visite peuvent se faire dans l\u2019un ou l\u2019autre ordre.<br><\/li>\n<\/ul>\n\n\n\n<h4 class=\"wp-block-heading\"><strong>Primaires (enfants n\u00e9s de 2015 \u00e0 2020)<\/strong><\/h4>\n\n\n\n<ul class=\"wp-block-list\">\n<li>Passage <strong>obligatoire<\/strong> par une <strong>visite collective<br><\/strong> \u2192<a href=\"https:\/\/forms.gle\/sqqyHGLMVBoyUjpe7\" target=\"_blank\" rel=\"noreferrer noopener\"> Formulaire Visite&nbsp;<\/a><\/li>\n\n\n\n<li>Suivie de l\u2019<strong>inscription<\/strong> via un <strong>Google Forms<\/strong> :<a href=\"https:\/\/forms.gle\/bgVcjnHUbPBXgErJ6\" target=\"_blank\" rel=\"noreferrer noopener\"> Formulaire d\u2019inscription<br><\/a><\/li>\n<\/ul>\n\n\n\n<h3 class=\"wp-block-heading\"><strong>Suite \u00e0 l\u2019inscription<\/strong><\/h3>\n\n\n\n<ul class=\"wp-block-list\">\n<li>Un <strong>rendez-vous individuel de 30 minutes<\/strong> est pr\u00e9vu afin d\u2019\u00e9changer sur l\u2019enfant.<br><\/li>\n<\/ul>\n\n\n\n<h3 class=\"wp-block-heading\"><strong>Dates des r\u00e9unions collectives<\/strong><\/h3>\n\n\n\n<ul class=\"wp-block-list\">\n<li>18h00 \u2013 19h30 : <strong>Primaires<\/strong><strong><br><\/strong><\/li>\n\n\n\n<li>19h30 \u2013 21h00 : <strong>Jardin d\u2019enfants<\/strong><strong><br><\/strong><\/li>\n\n\n\n<li>Lundi <strong>13 octobre<\/strong><strong><br><\/strong><\/li>\n\n\n\n<li>Mardi <strong>4 novembre<\/strong><strong><br><\/strong><\/li>\n\n\n\n<li>Mardi <strong>13 janvier<\/strong><strong><br><\/strong><\/li>\n\n\n\n<li>Mardi <strong>10 mars<\/strong><strong><br><\/strong><\/li>\n\n\n\n<li>Lundi <strong>18 mai<\/strong><strong><br><\/strong><\/li>\n<\/ul>\n\n\n\n<p><strong>Validation des inscriptions<\/strong><\/p>\n\n\n\n<p><strong>Reste de l\u2019\u00e9cole<\/strong> : validation <strong>\u00e0 partir du 15 mars<\/strong>.<\/p>\n\n\n\n<p><strong>Jardin d\u2019enfants<\/strong> : validation <strong>le plus t\u00f4t possible<\/strong>.<br><\/p>\n\n\n\n<hr class=\"wp-block-separator has-text-color has-cyan-bluish-gray-color has-alpha-channel-opacity has-cyan-bluish-gray-background-color has-background is-style-wide\"\/>\n\n\n\n<p class=\"has-vivid-red-color has-text-color has-link-color wp-elements-545e5fc4f2c25d2dea59a4d8731f3df3\" style=\"font-size:20px\"><br><strong>Inscriptions \u00e0 l\u2019\u00e9cole secondaire pour&nbsp;l\u2019ann\u00e9e&nbsp;2026-2027<\/strong><\/p>\n\n\n\n<p class=\"has-medium-font-size\"><strong>-&gt;<\/strong> <strong>INSCRIPTIONS 7<sup>\u00e8me<\/sup> ann\u00e9e&nbsp; (1<sup>\u00e8re<\/sup> secondaire):<\/strong><\/p>\n\n\n\n<p>Les \u00e9coles secondaires, dont Decroly, sont soumises au d\u00e9cret \u00ab Inscriptions \u00bb de la F\u00e9d\u00e9ration Wallonie-Bruxelles. Pour obtenir plus de renseignements concernant la proc\u00e9dure d\u2019inscriptions, cliquez sur le lien ci-apr\u00e8s&nbsp;: http:\/\/www.inscription.cfwb.be\/<\/p>\n\n\n\n<p>Les inscriptions en 1\u00e8re&nbsp;secondaire se d\u00e9rouleront <strong>en pr\u00e9sentiel sur rendez-vous du lundi 02\/02\/2026 au vendredi 13\/02\/26 et du lundi 02\/03\/26 au vendredi 06\/03\/26<\/strong>.&nbsp; Les rendez-vous se prennent <strong>en ligne<\/strong> <a href=\"https:\/\/calendar.google.com\/calendar\/u\/0\/appointments\/schedules\/AcZssZ3Eodj2aHTuXyiwnljy1QMtrpSps5vxQRAOtjeAgtTFeM4jFSk3atkRJ8yH7t_fHZfECCHR03Jy\" data-type=\"link\" data-id=\"https:\/\/calendar.google.com\/calendar\/u\/0\/appointments\/schedules\/AcZssZ3Eodj2aHTuXyiwnljy1QMtrpSps5vxQRAOtjeAgtTFeM4jFSk3atkRJ8yH7t_fHZfECCHR03Jy\" target=\"_blank\" rel=\"noreferrer noopener\">ici<\/a><br>Le jour de l\u2019entrevue il faudra se munir&nbsp;:&nbsp;<br>\u2013 Carte ID de l\u2019enfant (Obligatoire)<br>\u2013 FUI = Formulaire unique d\u2019inscription COMPLETE. Ce formulaire est d\u00e9livr\u00e9 par l\u2019\u00e9cole primaire francophone ou la FWB (Obligatoire)<br>\u2013 Composition de m\u00e9nage si valorisation d\u2019un autre domicile (Facultatif en fonction des situations)<br>\u2013 Autres documents (Facultatif en fonction des situations)<\/p>\n\n\n\n<p class=\"has-medium-font-size\"><strong>-&gt; INSCRIPTIONS de la 9<sup>\u00e8me<\/sup>&nbsp; ann\u00e9e \u00e0 la 11<sup>\u00e8me&nbsp;<\/sup>ann\u00e9e <\/strong><\/p>\n\n\n\n<p class=\"has-small-font-size\">Les inscriptions de la 9\u00e8me&nbsp;ann\u00e9e \u00e0 la 11\u00e8me&nbsp;ann\u00e9e se font&nbsp;<strong>uniquement par t\u00e9l\u00e9phone<\/strong>&nbsp;et sur liste d\u2019attente,&nbsp;<strong>le lundi 16 mars 2026<\/strong>&nbsp;\u00e0 partir de 8h30 au 02\/374 17 03. La ligne t\u00e9l\u00e9phonique risque d&rsquo;\u00eatre satur\u00e9e, armez-vous de patience &#8230;<\/p>\n\n\n\n<p class=\"has-small-font-size\">Les informations suivantes seront demand\u00e9es : Nom et pr\u00e9nom, nationalit\u00e9, date et lieu de naissance, adresse, t\u00e9l\u00e9phone, \u00e9cole ant\u00e9rieure,&nbsp;<strong>choix d&rsquo;options<\/strong>&nbsp;(les listes d&rsquo;options sont consultables sur le site) et motif du changement d&rsquo;\u00e9cole.&nbsp;<\/p>\n\n\n\n<div class=\"wp-block-columns is-layout-flex wp-container-core-columns-is-layout-9d6595d7 wp-block-columns-is-layout-flex\">\n<div class=\"wp-block-column is-layout-flow wp-block-column-is-layout-flow\"><\/div>\n<\/div>\n\n\n\n<p style=\"font-size:14px\"><\/p>\n\n\n\n<div class=\"wp-block-columns is-layout-flex wp-container-core-columns-is-layout-9d6595d7 wp-block-columns-is-layout-flex\">\n<div class=\"wp-block-column is-layout-flow wp-block-column-is-layout-flow\"><\/div>\n\n\n\n<div class=\"wp-block-column is-layout-flow wp-block-column-is-layout-flow\">\n<figure class=\"wp-block-image size-full\"><img loading=\"lazy\" decoding=\"async\" width=\"200\" height=\"76\" src=\"https:\/\/www.ecoledecroly.be\/wp-content\/uploads\/2022\/12\/cropped-logo-decroly-NB-e1679906697406.jpg\" alt=\"\" class=\"wp-image-1282\"\/><\/figure>\n<\/div>\n\n\n\n<div class=\"wp-block-column is-layout-flow wp-block-column-is-layout-flow\"><\/div>\n<\/div>\n","protected":false},"excerpt":{"rendered":"<p>1\u00e8re maternelle : lundi 14 novembre 2022 &#8230;<br \/>\nprimaire : lundi 13 f\u00e9vrier 2023 &#8230;<\/p>\n<p>1\u00e8re ann\u00e9e secondaire : sur rendez-vous &#8230;<br \/>\nsecondaire : mardi 7 f\u00e9vrier 2023 &#8230;<\/p>\n","protected":false},"author":3,"featured_media":0,"parent":0,"menu_order":0,"comment_status":"closed","ping_status":"closed","template":"","meta":{"sfsi_plus_gutenberg_text_before_share":"","sfsi_plus_gutenberg_show_text_before_share":"","sfsi_plus_gutenberg_icon_type":"","sfsi_plus_gutenberg_icon_alignemt":"","sfsi_plus_gutenburg_max_per_row":"","footnotes":""},"class_list":["post-26","page","type-page","status-publish","hentry"],"_links":{"self":[{"href":"https:\/\/www.ecoledecroly.be\/index.php\/wp-json\/wp\/v2\/pages\/26","targetHints":{"allow":["GET"]}}],"collection":[{"href":"https:\/\/www.ecoledecroly.be\/index.php\/wp-json\/wp\/v2\/pages"}],"about":[{"href":"https:\/\/www.ecoledecroly.be\/index.php\/wp-json\/wp\/v2\/types\/page"}],"author":[{"embeddable":true,"href":"https:\/\/www.ecoledecroly.be\/index.php\/wp-json\/wp\/v2\/users\/3"}],"replies":[{"embeddable":true,"href":"https:\/\/www.ecoledecroly.be\/index.php\/wp-json\/wp\/v2\/comments?post=26"}],"version-history":[{"count":46,"href":"https:\/\/www.ecoledecroly.be\/index.php\/wp-json\/wp\/v2\/pages\/26\/revisions"}],"predecessor-version":[{"id":4467,"href":"https:\/\/www.ecoledecroly.be\/index.php\/wp-json\/wp\/v2\/pages\/26\/revisions\/4467"}],"wp:attachment":[{"href":"https:\/\/www.ecoledecroly.be\/index.php\/wp-json\/wp\/v2\/media?parent=26"}],"curies":[{"name":"wp","href":"https:\/\/api.w.org\/{rel}","templated":true}]}}