{"id":205,"date":"2022-11-22T08:52:38","date_gmt":"2022-11-22T07:52:38","guid":{"rendered":"http:\/\/decroly.flowzit.com\/?page_id=205"},"modified":"2023-08-27T13:40:27","modified_gmt":"2023-08-27T13:40:27","slug":"les-voyages-scolaires","status":"publish","type":"page","link":"https:\/\/www.ecoledecroly.be\/index.php\/les-voyages-scolaires\/","title":{"rendered":"Voyages et excursions"},"content":{"rendered":"\n<p class=\"has-black-color has-text-color\" style=\"font-size:14px\">Les voyages et les excursions sont l\u2019occasion&nbsp; de d\u00e9couvertes&nbsp;&nbsp; \u00ab&nbsp;sur le terrain&nbsp;\u00bb, qui \u00e9veilleront la curiosit\u00e9 des \u00e9l\u00e8ves et offriront une ouverture sur le monde et les personnes. Plus sp\u00e9cifiquement&nbsp;:<\/p>\n\n\n\n<p class=\"has-black-color has-text-color\" style=\"font-size:14px\">-Apprendre \u00e0 se d\u00e9brouiller dans des situations diverses, (par exemple&nbsp;: ma\u00eetriser des activit\u00e9s comme la voile),<\/p>\n\n\n\n<p class=\"has-black-color has-text-color\" style=\"font-size:14px\">-Souligner l\u2019aspect social, par la conscience de former un groupe homog\u00e8ne,<\/p>\n\n\n\n<p class=\"has-black-color has-text-color\" style=\"font-size:14px\">-Pour les plus grands , privil\u00e9gier l\u2019aspect pratique&nbsp;: organisation d\u2019un voyage,<\/p>\n\n\n\n<p class=\"has-black-color has-text-color\" style=\"font-size:14px\">-Exploiter la pluridisciplinarit\u00e9 de l\u2019activit\u00e9 et la polyvalence du professeur.<\/p>\n\n\n\n<p class=\"has-black-color has-text-color\" style=\"font-size:14px\">Comment proc\u00e8de-t-on&nbsp;?<\/p>\n\n\n\n<p class=\"has-black-color has-text-color\" style=\"font-size:14px\">-La pr\u00e9paration&nbsp;: en cherchant de la mati\u00e8re ou en profitant de l\u2019actualit\u00e9, en investissant les \u00e9l\u00e8ves dans des recherches plus cibl\u00e9es qui leur procureront une certaine autonomie par rapport \u00e0 l\u2019 encadrement indispensable du professeur.<\/p>\n\n\n\n<p class=\"has-black-color has-text-color\" style=\"font-size:14px\">Par exemple&nbsp;: pour le primaire&nbsp;, recherches sur le Moyen-Age pr\u00e9sent\u00e9es sous forme de sayn\u00e8tes&nbsp;; pour le secondaire, pr\u00e9paration d\u2019expos\u00e9s \u00e0 l\u2019aide de documents iconographiques.<\/p>\n\n\n\n<p class=\"has-black-color has-text-color\" style=\"font-size:14px\">-Sur place&nbsp;: en encourageant les contacts avec les professionnels, en privil\u00e9giant l\u2019observation (notes, dessins, \u2026) par rapport \u00e0 l\u2019acquisition d\u2019un document ou la prise d\u2019une photo, en surveillant la qualit\u00e9 de la prise de note et de l\u2019\u00e9coute (cette derni\u00e8re \u00e9tant particuli\u00e8rement exploit\u00e9e en primaire) et en facilitant la r\u00e9colte d\u2019\u00e9l\u00e9ments visant \u00e0 constituer les collections de la classe.<\/p>\n\n\n\n<p class=\"has-black-color has-text-color\" style=\"font-size:14px\">-L\u2019exploitation&nbsp;:en structurant&nbsp; la mati\u00e8re recueillie en vue de la distribuer dans les diff\u00e9rentes disciplines (certaines sorties ne sont cependant li\u00e9es qu\u2019\u00e0 un seul cours). En int\u00e9grant les impressions personnelles des \u00e9l\u00e8ves et en d\u00e9veloppant leur sens cr\u00e9atif (dossiers voyages pr\u00e9sent\u00e9s par exemple sous forme de roman photo). L\u2019 \u00e9valuation de la qualit\u00e9 du travail fourni fera l\u2019objet de contr\u00f4les classiques.&nbsp;<\/p>\n\n\n\n<h2 class=\"wp-block-heading\"><\/h2>\n\n\n\n<div class=\"wp-block-columns is-layout-flex wp-container-core-columns-is-layout-9d6595d7 wp-block-columns-is-layout-flex\">\n<div class=\"wp-block-column is-layout-flow wp-block-column-is-layout-flow\"><div class=\"carousel-slider-outer carousel-slider-outer-image-carousel carousel-slider-outer-1791\" style=\"--carousel-slider-nav-color:#f1f1f1;--carousel-slider-active-nav-color:#00d1b2;--carousel-slider-arrow-size:48px;--carousel-slider-bullet-size:10px\">\n<div id=\"&#039;id-1791\" class=\"carousel-slider carousel-slider-1791 arrows-visibility-hover dots-visibility-never arrows-outside dots-center dots-circle owl-carousel\" data-slide-type=\"image-carousel\" data-owl-settings='{\"nav\":true,\"dots\":false,\"slideBy\":1,\"stagePadding\":0,\"margin\":10,\"loop\":false,\"lazyLoad\":false,\"autoplay\":false,\"autoplayTimeout\":5000,\"autoplaySpeed\":500,\"autoplayHoverPause\":false,\"autoWidth\":false,\"responsive\":{\"300\":{\"items\":1},\"576\":{\"items\":2},\"768\":{\"items\":2},\"1024\":{\"items\":3},\"1280\":{\"items\":3},\"1536\":{\"items\":3}}}'>\n<div class=\"carousel-slider__item\">\n\t<a class=\"magnific-popup\" href=\"https:\/\/www.ecoledecroly.be\/wp-content\/uploads\/2023\/06\/OKexcursion1.jpg\" data-width=\"950\" data-height=\"700\"><img loading=\"lazy\" decoding=\"async\" width=\"640\" height=\"472\" src=\"https:\/\/www.ecoledecroly.be\/wp-content\/uploads\/2023\/06\/OKexcursion1-768x566.jpg\" class=\"attachment-medium_large size-medium_large\" alt=\"\" srcset=\"https:\/\/www.ecoledecroly.be\/wp-content\/uploads\/2023\/06\/OKexcursion1-768x566.jpg 768w, https:\/\/www.ecoledecroly.be\/wp-content\/uploads\/2023\/06\/OKexcursion1-300x221.jpg 300w, https:\/\/www.ecoledecroly.be\/wp-content\/uploads\/2023\/06\/OKexcursion1.jpg 950w\" sizes=\"auto, (max-width: 640px) 100vw, 640px\" \/><div class=\"carousel-slider__caption\"><p class=\"caption\"><\/p><\/div><\/a><\/div>\n\n<div class=\"carousel-slider__item\">\n\t<a class=\"magnific-popup\" href=\"https:\/\/www.ecoledecroly.be\/wp-content\/uploads\/2023\/06\/OKexcursion2.jpg\" data-width=\"950\" data-height=\"700\"><img loading=\"lazy\" decoding=\"async\" width=\"640\" height=\"472\" src=\"https:\/\/www.ecoledecroly.be\/wp-content\/uploads\/2023\/06\/OKexcursion2-768x566.jpg\" class=\"attachment-medium_large size-medium_large\" alt=\"\" srcset=\"https:\/\/www.ecoledecroly.be\/wp-content\/uploads\/2023\/06\/OKexcursion2-768x566.jpg 768w, https:\/\/www.ecoledecroly.be\/wp-content\/uploads\/2023\/06\/OKexcursion2-300x221.jpg 300w, https:\/\/www.ecoledecroly.be\/wp-content\/uploads\/2023\/06\/OKexcursion2.jpg 950w\" sizes=\"auto, (max-width: 640px) 100vw, 640px\" \/><div class=\"carousel-slider__caption\"><p class=\"caption\"><\/p><\/div><\/a><\/div>\n\n<\/div><!-- .carousel-slider-1791 -->\n<\/div><!-- .carousel-slider-outer-1791 -->\n\n<\/div>\n<\/div>\n\n\n\n<div class=\"wp-block-columns is-layout-flex wp-container-core-columns-is-layout-9d6595d7 wp-block-columns-is-layout-flex\"><\/div>\n","protected":false},"excerpt":{"rendered":"<p>Les voyages et les excursions sont l\u2019occasion&nbsp; de d\u00e9couvertes&nbsp;&nbsp; \u00ab&nbsp;sur le terrain&nbsp;\u00bb, qui \u00e9veilleront la curiosit\u00e9 des \u00e9l\u00e8ves et offriront une ouverture sur le monde et les personnes. Plus sp\u00e9cifiquement&nbsp;: -Apprendre \u00e0 se d\u00e9brouiller dans des situations diverses, (par exemple&nbsp;: ma\u00eetriser des activit\u00e9s comme la voile), -Souligner l\u2019aspect social, par la conscience de former un&hellip;<\/p>\n","protected":false},"author":3,"featured_media":0,"parent":0,"menu_order":0,"comment_status":"closed","ping_status":"closed","template":"","meta":{"sfsi_plus_gutenberg_text_before_share":"","sfsi_plus_gutenberg_show_text_before_share":"","sfsi_plus_gutenberg_icon_type":"","sfsi_plus_gutenberg_icon_alignemt":"","sfsi_plus_gutenburg_max_per_row":"","footnotes":""},"class_list":["post-205","page","type-page","status-publish","hentry"],"_links":{"self":[{"href":"https:\/\/www.ecoledecroly.be\/index.php\/wp-json\/wp\/v2\/pages\/205","targetHints":{"allow":["GET"]}}],"collection":[{"href":"https:\/\/www.ecoledecroly.be\/index.php\/wp-json\/wp\/v2\/pages"}],"about":[{"href":"https:\/\/www.ecoledecroly.be\/index.php\/wp-json\/wp\/v2\/types\/page"}],"author":[{"embeddable":true,"href":"https:\/\/www.ecoledecroly.be\/index.php\/wp-json\/wp\/v2\/users\/3"}],"replies":[{"embeddable":true,"href":"https:\/\/www.ecoledecroly.be\/index.php\/wp-json\/wp\/v2\/comments?post=205"}],"version-history":[{"count":4,"href":"https:\/\/www.ecoledecroly.be\/index.php\/wp-json\/wp\/v2\/pages\/205\/revisions"}],"predecessor-version":[{"id":1923,"href":"https:\/\/www.ecoledecroly.be\/index.php\/wp-json\/wp\/v2\/pages\/205\/revisions\/1923"}],"wp:attachment":[{"href":"https:\/\/www.ecoledecroly.be\/index.php\/wp-json\/wp\/v2\/media?parent=205"}],"curies":[{"name":"wp","href":"https:\/\/api.w.org\/{rel}","templated":true}]}}