{"id":1999,"date":"2023-08-30T07:30:28","date_gmt":"2023-08-30T07:30:28","guid":{"rendered":"https:\/\/www.ecoledecroly.be\/?page_id=1999"},"modified":"2026-03-03T11:22:44","modified_gmt":"2026-03-03T11:22:44","slug":"test","status":"publish","type":"page","link":"https:\/\/www.ecoledecroly.be\/index.php\/test\/","title":{"rendered":"Inscription aux alertes informatives"},"content":{"rendered":"\n<p class=\"has-vivid-red-color has-text-color has-link-color wp-elements-412f777a295939b757645753c5a12b58\"><strong>Inscription permettant de recevoir un SMS quand un avis ou une nouvelle communication est publi\u00e9 sur le site de l&rsquo;\u00e9cole<\/strong>.<\/p>\n\n\n<div class=\"wpforms-container wpforms-container-full wpforms-block wpforms-block-62e14a77-3a6b-421c-80cf-f301974a5d90 wpforms-render-modern\" id=\"wpforms-2387\"><form id=\"wpforms-form-2387\" class=\"wpforms-validate wpforms-form wpforms-ajax-form\" data-formid=\"2387\" method=\"post\" enctype=\"multipart\/form-data\" action=\"\/index.php\/wp-json\/wp\/v2\/pages\/1999\" data-token=\"580828d299aaaeb266942b3922704bd5\" data-token-time=\"1777179907\"><noscript class=\"wpforms-error-noscript\">Veuillez activer JavaScript dans votre navigateur pour remplir ce formulaire.<\/noscript><div id=\"wpforms-error-noscript\" style=\"display: none;\">Veuillez activer JavaScript dans votre navigateur pour remplir ce formulaire.<\/div><div class=\"wpforms-field-container\"><div id=\"wpforms-2387-field_5-container\" class=\"wpforms-field wpforms-field-name\" data-field-id=\"5\"><fieldset><legend class=\"wpforms-field-label\">Pr\u00e9nom et Nom <span class=\"wpforms-required-label\" aria-hidden=\"true\">*<\/span><\/legend><div class=\"wpforms-field-row wpforms-field-medium\"><div class=\"wpforms-field-row-block wpforms-first wpforms-one-half\"><input type=\"text\" id=\"wpforms-2387-field_5\" class=\"wpforms-field-name-first wpforms-field-required\" name=\"wpforms[fields][5][first]\" aria-errormessage=\"wpforms-2387-field_5-error\" required><label for=\"wpforms-2387-field_5\" class=\"wpforms-field-sublabel after\">Pr\u00e9nom<\/label><\/div><div class=\"wpforms-field-row-block wpforms-one-half\"><input type=\"text\" id=\"wpforms-2387-field_5-last\" class=\"wpforms-field-name-last wpforms-field-required\" name=\"wpforms[fields][5][last]\" aria-errormessage=\"wpforms-2387-field_5-last-error\" required><label for=\"wpforms-2387-field_5-last\" class=\"wpforms-field-sublabel after\">Nom<\/label><\/div><\/div><\/fieldset><\/div><div id=\"wpforms-2387-field_9-container\" class=\"wpforms-field wpforms-field-number\" data-field-id=\"9\"><label class=\"wpforms-field-label\" for=\"wpforms-2387-field_9\">Num\u00e9ro de gsm belge sur lequel envoyer l&#039;alerte <span class=\"wpforms-required-label\" aria-hidden=\"true\">*<\/span><\/label><input type=\"number\" id=\"wpforms-2387-field_9\" class=\"wpforms-field-medium wpforms-field-required\" name=\"wpforms[fields][9]\" step=\"any\" aria-errormessage=\"wpforms-2387-field_9-error\" aria-describedby=\"wpforms-2387-field_9-description\" required><div id=\"wpforms-2387-field_9-description\" class=\"wpforms-field-description\">format 0477000000<\/div><\/div><div id=\"wpforms-2387-field_6-container\" class=\"wpforms-field wpforms-field-email\" data-field-id=\"6\"><label class=\"wpforms-field-label\" for=\"wpforms-2387-field_6\">E-mail <span class=\"wpforms-required-label\" aria-hidden=\"true\">*<\/span><\/label><input type=\"email\" id=\"wpforms-2387-field_6\" class=\"wpforms-field-medium wpforms-field-required\" name=\"wpforms[fields][6]\" spellcheck=\"false\" aria-errormessage=\"wpforms-2387-field_6-error\" required><\/div><div id=\"wpforms-2387-field_8-container\" class=\"wpforms-field wpforms-field-checkbox\" data-field-id=\"8\"><fieldset><legend class=\"wpforms-field-label\"> J\u2019autorise l\u2019\u00e9cole Decroly \u00e0 utiliser mes donn\u00e9es afin de recevoir une alerte informative <span class=\"wpforms-required-label\" aria-hidden=\"true\">*<\/span><\/legend><ul id=\"wpforms-2387-field_8\" class=\"wpforms-field-required\"><li class=\"choice-1 depth-1\"><input type=\"checkbox\" id=\"wpforms-2387-field_8_1\" name=\"wpforms[fields][8][]\" value=\"Pour le jardin d&#039;enfants\" aria-errormessage=\"wpforms-2387-field_8_1-error\" aria-describedby=\"wpforms-2387-field_8-description\" required ><label class=\"wpforms-field-label-inline\" for=\"wpforms-2387-field_8_1\">Pour le jardin d&rsquo;enfants<\/label><\/li><li class=\"choice-2 depth-1\"><input type=\"checkbox\" id=\"wpforms-2387-field_8_2\" name=\"wpforms[fields][8][]\" value=\"Pour le primaire\" aria-errormessage=\"wpforms-2387-field_8_2-error\" aria-describedby=\"wpforms-2387-field_8-description\" required ><label class=\"wpforms-field-label-inline\" for=\"wpforms-2387-field_8_2\">Pour le primaire<\/label><\/li><li class=\"choice-3 depth-1\"><input type=\"checkbox\" id=\"wpforms-2387-field_8_3\" name=\"wpforms[fields][8][]\" value=\"Pour le secondaire\" aria-errormessage=\"wpforms-2387-field_8_3-error\" aria-describedby=\"wpforms-2387-field_8-description\" required ><label class=\"wpforms-field-label-inline\" for=\"wpforms-2387-field_8_3\">Pour le secondaire<\/label><\/li><\/ul><div id=\"wpforms-2387-field_8-description\" class=\"wpforms-field-description\">plusieurs choix peuvent \u00eatre s\u00e9lectionn\u00e9s<\/div><\/fieldset><\/div><\/div><!-- .wpforms-field-container --><div class=\"wpforms-submit-container\" ><input type=\"hidden\" name=\"wpforms[id]\" value=\"2387\"><input type=\"hidden\" name=\"page_title\" value=\"\"><input type=\"hidden\" name=\"page_url\" value=\"https:\/\/www.ecoledecroly.be\/index.php\/wp-json\/wp\/v2\/pages\/1999\"><input type=\"hidden\" name=\"url_referer\" value=\"\"><button type=\"submit\" name=\"wpforms[submit]\" id=\"wpforms-submit-2387\" class=\"wpforms-submit\" data-alt-text=\"Envoi...\" data-submit-text=\"Envoyer\" aria-live=\"assertive\" value=\"wpforms-submit\">Envoyer<\/button><img loading=\"lazy\" decoding=\"async\" src=\"https:\/\/www.ecoledecroly.be\/wp-content\/plugins\/wpforms-lite\/assets\/images\/submit-spin.svg\" class=\"wpforms-submit-spinner\" style=\"display: none;\" width=\"26\" height=\"26\" alt=\"Chargement en cours\"><\/div><\/form><\/div>  <!-- .wpforms-container -->","protected":false},"excerpt":{"rendered":"<p>Formulaire d&rsquo;inscription pour recevoir une alerte GSM de mise \u00e0 jour, des avis et des communications.<br \/>\n.<br \/>\n.<\/p>\n","protected":false},"author":3,"featured_media":0,"parent":0,"menu_order":0,"comment_status":"closed","ping_status":"closed","template":"","meta":{"sfsi_plus_gutenberg_text_before_share":"","sfsi_plus_gutenberg_show_text_before_share":"","sfsi_plus_gutenberg_icon_type":"","sfsi_plus_gutenberg_icon_alignemt":"","sfsi_plus_gutenburg_max_per_row":"","footnotes":""},"class_list":["post-1999","page","type-page","status-publish","hentry"],"_links":{"self":[{"href":"https:\/\/www.ecoledecroly.be\/index.php\/wp-json\/wp\/v2\/pages\/1999","targetHints":{"allow":["GET"]}}],"collection":[{"href":"https:\/\/www.ecoledecroly.be\/index.php\/wp-json\/wp\/v2\/pages"}],"about":[{"href":"https:\/\/www.ecoledecroly.be\/index.php\/wp-json\/wp\/v2\/types\/page"}],"author":[{"embeddable":true,"href":"https:\/\/www.ecoledecroly.be\/index.php\/wp-json\/wp\/v2\/users\/3"}],"replies":[{"embeddable":true,"href":"https:\/\/www.ecoledecroly.be\/index.php\/wp-json\/wp\/v2\/comments?post=1999"}],"version-history":[{"count":31,"href":"https:\/\/www.ecoledecroly.be\/index.php\/wp-json\/wp\/v2\/pages\/1999\/revisions"}],"predecessor-version":[{"id":4449,"href":"https:\/\/www.ecoledecroly.be\/index.php\/wp-json\/wp\/v2\/pages\/1999\/revisions\/4449"}],"wp:attachment":[{"href":"https:\/\/www.ecoledecroly.be\/index.php\/wp-json\/wp\/v2\/media?parent=1999"}],"curies":[{"name":"wp","href":"https:\/\/api.w.org\/{rel}","templated":true}]}}