{"id":199,"date":"2022-11-22T08:50:05","date_gmt":"2022-11-22T07:50:05","guid":{"rendered":"http:\/\/decroly.flowzit.com\/?page_id=199"},"modified":"2023-08-27T13:39:30","modified_gmt":"2023-08-27T13:39:30","slug":"le-theatre","status":"publish","type":"page","link":"https:\/\/www.ecoledecroly.be\/index.php\/le-theatre\/","title":{"rendered":"Le th\u00e9\u00e2tre"},"content":{"rendered":"\n<h5 class=\"wp-block-heading\">UNE ACTIVIT\u00c9 D\u2019EXPRESSION<\/h5>\n\n\n\n<p style=\"font-size:14px\">&nbsp;&nbsp;&nbsp;&nbsp;&nbsp;&nbsp;&nbsp;&nbsp;&nbsp;&nbsp;&nbsp; &nbsp;\u00ab&nbsp;Nous ne voulons pas faire de th\u00e9\u00e2tre \u00e0 l\u2019\u00e9cole&nbsp;\u00bb&nbsp;! Du moins au sens qu\u2019a le plus souvent le mot \u00ab&nbsp;th\u00e9\u00e2tre&nbsp;\u00bb comme discipline exigeante et rigoureuse dont l\u2019objectif est de mettre en sc\u00e8ne avec un parti pris esth\u00e9tique un texte dont la valeur litt\u00e9raire est reconnue. Ce que nous voulons, c\u2019est mener avec les enfants une activit\u00e9 d\u2019expression. Partir de rien, \u00e9couter les enfants, voir \u00e9merger ce qu\u2019ils veulent vraiment dire, laisser les apports individuels \u00eatre assimil\u00e9s par la collectivit\u00e9, permettre \u00e0 la diversit\u00e9 des cr\u00e9ativit\u00e9s de s\u2019\u00e9panouir pour aboutir \u00e0 une \u0153uvre commune&nbsp;: la repr\u00e9sentation.<\/p>\n\n\n\n<p><\/p>\n\n\n<div class=\"carousel-slider-outer carousel-slider-outer-image-carousel carousel-slider-outer-1769\" style=\"--carousel-slider-nav-color:#f1f1f1;--carousel-slider-active-nav-color:#00d1b2;--carousel-slider-arrow-size:48px;--carousel-slider-bullet-size:10px\">\n<div id=\"&#039;id-1769\" class=\"carousel-slider carousel-slider-1769 arrows-visibility-hover dots-visibility-never arrows-outside dots-center dots-circle owl-carousel\" data-slide-type=\"image-carousel\" data-owl-settings='{\"nav\":true,\"dots\":false,\"slideBy\":1,\"stagePadding\":0,\"margin\":10,\"loop\":false,\"lazyLoad\":false,\"autoplay\":false,\"autoplayTimeout\":5000,\"autoplaySpeed\":500,\"autoplayHoverPause\":false,\"autoWidth\":false,\"responsive\":{\"300\":{\"items\":1},\"576\":{\"items\":2},\"768\":{\"items\":2},\"1024\":{\"items\":3},\"1280\":{\"items\":3},\"1536\":{\"items\":3}}}'>\n<div class=\"carousel-slider__item\">\n\t<a class=\"magnific-popup\" href=\"https:\/\/www.ecoledecroly.be\/wp-content\/uploads\/2023\/06\/OKtheatreV3-1.jpg\" data-width=\"700\" data-height=\"1050\"><img loading=\"lazy\" decoding=\"async\" width=\"640\" height=\"960\" src=\"https:\/\/www.ecoledecroly.be\/wp-content\/uploads\/2023\/06\/OKtheatreV3-1.jpg\" class=\"attachment-medium_large size-medium_large\" alt=\"\" srcset=\"https:\/\/www.ecoledecroly.be\/wp-content\/uploads\/2023\/06\/OKtheatreV3-1.jpg 700w, https:\/\/www.ecoledecroly.be\/wp-content\/uploads\/2023\/06\/OKtheatreV3-1-200x300.jpg 200w, https:\/\/www.ecoledecroly.be\/wp-content\/uploads\/2023\/06\/OKtheatreV3-1-683x1024.jpg 683w\" sizes=\"auto, (max-width: 640px) 100vw, 640px\" \/><\/a><\/div>\n\n<div class=\"carousel-slider__item\">\n\t<a class=\"magnific-popup\" href=\"https:\/\/www.ecoledecroly.be\/wp-content\/uploads\/2023\/06\/OKtheatreV1-1.jpg\" data-width=\"700\" data-height=\"1050\"><img loading=\"lazy\" decoding=\"async\" width=\"640\" height=\"960\" src=\"https:\/\/www.ecoledecroly.be\/wp-content\/uploads\/2023\/06\/OKtheatreV1-1.jpg\" class=\"attachment-medium_large size-medium_large\" alt=\"\" srcset=\"https:\/\/www.ecoledecroly.be\/wp-content\/uploads\/2023\/06\/OKtheatreV1-1.jpg 700w, https:\/\/www.ecoledecroly.be\/wp-content\/uploads\/2023\/06\/OKtheatreV1-1-200x300.jpg 200w, https:\/\/www.ecoledecroly.be\/wp-content\/uploads\/2023\/06\/OKtheatreV1-1-683x1024.jpg 683w\" sizes=\"auto, (max-width: 640px) 100vw, 640px\" \/><\/a><\/div>\n\n<div class=\"carousel-slider__item\">\n\t<a class=\"magnific-popup\" href=\"https:\/\/www.ecoledecroly.be\/wp-content\/uploads\/2023\/06\/OKtheatreV2-1.jpg\" data-width=\"700\" data-height=\"1050\"><img loading=\"lazy\" decoding=\"async\" width=\"640\" height=\"960\" src=\"https:\/\/www.ecoledecroly.be\/wp-content\/uploads\/2023\/06\/OKtheatreV2-1.jpg\" class=\"attachment-medium_large size-medium_large\" alt=\"\" srcset=\"https:\/\/www.ecoledecroly.be\/wp-content\/uploads\/2023\/06\/OKtheatreV2-1.jpg 700w, https:\/\/www.ecoledecroly.be\/wp-content\/uploads\/2023\/06\/OKtheatreV2-1-200x300.jpg 200w, https:\/\/www.ecoledecroly.be\/wp-content\/uploads\/2023\/06\/OKtheatreV2-1-683x1024.jpg 683w\" sizes=\"auto, (max-width: 640px) 100vw, 640px\" \/><\/a><\/div>\n\n<\/div><!-- .carousel-slider-1769 -->\n<\/div><!-- .carousel-slider-outer-1769 -->\n\n\n\n\n<p class=\"has-black-color has-text-color has-small-font-size\">&nbsp;&nbsp;&nbsp;&nbsp;&nbsp;&nbsp;&nbsp;&nbsp;&nbsp;&nbsp;&nbsp;<\/p>\n\n\n<div class=\"carousel-slider-outer carousel-slider-outer-image-carousel carousel-slider-outer-1771\" style=\"--carousel-slider-nav-color:#f1f1f1;--carousel-slider-active-nav-color:#00d1b2;--carousel-slider-arrow-size:48px;--carousel-slider-bullet-size:10px\">\n<div id=\"&#039;id-1771\" class=\"carousel-slider carousel-slider-1771 arrows-visibility-hover dots-visibility-never arrows-outside dots-center dots-circle owl-carousel\" data-slide-type=\"image-carousel\" data-owl-settings='{\"nav\":true,\"dots\":false,\"slideBy\":1,\"stagePadding\":0,\"margin\":10,\"loop\":false,\"lazyLoad\":false,\"autoplay\":false,\"autoplayTimeout\":5000,\"autoplaySpeed\":500,\"autoplayHoverPause\":false,\"autoWidth\":false,\"responsive\":{\"300\":{\"items\":1},\"576\":{\"items\":2},\"768\":{\"items\":2},\"1024\":{\"items\":3},\"1280\":{\"items\":3},\"1536\":{\"items\":3}}}'>\n<div class=\"carousel-slider__item\">\n\t<a class=\"magnific-popup\" href=\"https:\/\/www.ecoledecroly.be\/wp-content\/uploads\/2023\/06\/OKtheatreH6.jpg\" data-width=\"950\" data-height=\"700\"><img loading=\"lazy\" decoding=\"async\" width=\"640\" height=\"472\" src=\"https:\/\/www.ecoledecroly.be\/wp-content\/uploads\/2023\/06\/OKtheatreH6-768x566.jpg\" class=\"attachment-medium_large size-medium_large\" alt=\"\" srcset=\"https:\/\/www.ecoledecroly.be\/wp-content\/uploads\/2023\/06\/OKtheatreH6-768x566.jpg 768w, https:\/\/www.ecoledecroly.be\/wp-content\/uploads\/2023\/06\/OKtheatreH6-300x221.jpg 300w, https:\/\/www.ecoledecroly.be\/wp-content\/uploads\/2023\/06\/OKtheatreH6.jpg 950w\" sizes=\"auto, (max-width: 640px) 100vw, 640px\" \/><div class=\"carousel-slider__caption\"><p class=\"caption\"><\/p><\/div><\/a><\/div>\n\n<div class=\"carousel-slider__item\">\n\t<a class=\"magnific-popup\" href=\"https:\/\/www.ecoledecroly.be\/wp-content\/uploads\/2023\/06\/OKtheatreH4.jpg\" data-width=\"950\" data-height=\"700\"><img loading=\"lazy\" decoding=\"async\" width=\"640\" height=\"472\" src=\"https:\/\/www.ecoledecroly.be\/wp-content\/uploads\/2023\/06\/OKtheatreH4-768x566.jpg\" class=\"attachment-medium_large size-medium_large\" alt=\"\" srcset=\"https:\/\/www.ecoledecroly.be\/wp-content\/uploads\/2023\/06\/OKtheatreH4-768x566.jpg 768w, https:\/\/www.ecoledecroly.be\/wp-content\/uploads\/2023\/06\/OKtheatreH4-300x221.jpg 300w, https:\/\/www.ecoledecroly.be\/wp-content\/uploads\/2023\/06\/OKtheatreH4.jpg 950w\" sizes=\"auto, (max-width: 640px) 100vw, 640px\" \/><div class=\"carousel-slider__caption\"><p class=\"caption\"><\/p><\/div><\/a><\/div>\n\n<div class=\"carousel-slider__item\">\n\t<a class=\"magnific-popup\" href=\"https:\/\/www.ecoledecroly.be\/wp-content\/uploads\/2023\/06\/OKtheatreH5.jpg\" data-width=\"950\" data-height=\"700\"><img loading=\"lazy\" decoding=\"async\" width=\"640\" height=\"472\" src=\"https:\/\/www.ecoledecroly.be\/wp-content\/uploads\/2023\/06\/OKtheatreH5-768x566.jpg\" class=\"attachment-medium_large size-medium_large\" alt=\"\" srcset=\"https:\/\/www.ecoledecroly.be\/wp-content\/uploads\/2023\/06\/OKtheatreH5-768x566.jpg 768w, https:\/\/www.ecoledecroly.be\/wp-content\/uploads\/2023\/06\/OKtheatreH5-300x221.jpg 300w, https:\/\/www.ecoledecroly.be\/wp-content\/uploads\/2023\/06\/OKtheatreH5.jpg 950w\" sizes=\"auto, (max-width: 640px) 100vw, 640px\" \/><div class=\"carousel-slider__caption\"><p class=\"caption\"><\/p><\/div><\/a><\/div>\n\n<\/div><!-- .carousel-slider-1771 -->\n<\/div><!-- .carousel-slider-outer-1771 -->\n\n\n\n\n<div class=\"wp-block-columns is-layout-flex wp-container-core-columns-is-layout-9d6595d7 wp-block-columns-is-layout-flex\">\n<div class=\"wp-block-column is-layout-flow wp-block-column-is-layout-flow\"><\/div>\n<\/div>\n\n\n\n<p class=\"has-black-color has-text-color\" style=\"font-size:14px\"> Pour cr\u00e9er une pi\u00e8ce, tous les types d\u2019expression sont mobilis\u00e9s&nbsp;: impossible d\u2019oublier son corps pour occuper l\u2019espace sc\u00e9nique&nbsp;; les dialogues requi\u00e8rent, bien s\u00fbr, l\u2019expression verbale&nbsp;; les d\u00e9cors, les accessoires, les costumes permettent \u00e0 mille et une facettes de l\u2019expression manuelle de se manifester&nbsp;; les parties musicales conjuguent souvent l\u2019activit\u00e9 des m\u00e9lomanes et des autres&nbsp;; enfin, les aspects techniques des \u00e9clairages, par exemple, sollicitent un type de cr\u00e9ativit\u00e9 souvent oubli\u00e9.<\/p>\n\n\n\n<div style=\"height:30px\" aria-hidden=\"true\" class=\"wp-block-spacer\"><\/div>\n\n\n<div class=\"carousel-slider-outer carousel-slider-outer-image-carousel carousel-slider-outer-1773\" style=\"--carousel-slider-nav-color:#f1f1f1;--carousel-slider-active-nav-color:#00d1b2;--carousel-slider-arrow-size:48px;--carousel-slider-bullet-size:10px\">\n<div id=\"&#039;id-1773\" class=\"carousel-slider carousel-slider-1773 arrows-visibility-hover dots-visibility-never arrows-outside dots-center dots-circle owl-carousel\" data-slide-type=\"image-carousel\" data-owl-settings='{\"nav\":true,\"dots\":false,\"slideBy\":1,\"stagePadding\":0,\"margin\":10,\"loop\":false,\"lazyLoad\":false,\"autoplay\":false,\"autoplayTimeout\":5000,\"autoplaySpeed\":500,\"autoplayHoverPause\":false,\"autoWidth\":false,\"responsive\":{\"300\":{\"items\":1},\"576\":{\"items\":2},\"768\":{\"items\":2},\"1024\":{\"items\":3},\"1280\":{\"items\":3},\"1536\":{\"items\":3}}}'>\n<div class=\"carousel-slider__item\">\n\t<a class=\"magnific-popup\" href=\"https:\/\/www.ecoledecroly.be\/wp-content\/uploads\/2023\/06\/OKtheatreH3.jpg\" data-width=\"950\" data-height=\"700\"><img loading=\"lazy\" decoding=\"async\" width=\"640\" height=\"472\" src=\"https:\/\/www.ecoledecroly.be\/wp-content\/uploads\/2023\/06\/OKtheatreH3-768x566.jpg\" class=\"attachment-medium_large size-medium_large\" alt=\"\" srcset=\"https:\/\/www.ecoledecroly.be\/wp-content\/uploads\/2023\/06\/OKtheatreH3-768x566.jpg 768w, https:\/\/www.ecoledecroly.be\/wp-content\/uploads\/2023\/06\/OKtheatreH3-300x221.jpg 300w, https:\/\/www.ecoledecroly.be\/wp-content\/uploads\/2023\/06\/OKtheatreH3.jpg 950w\" sizes=\"auto, (max-width: 640px) 100vw, 640px\" \/><div class=\"carousel-slider__caption\"><p class=\"caption\"><\/p><\/div><\/a><\/div>\n\n<div class=\"carousel-slider__item\">\n\t<a class=\"magnific-popup\" href=\"https:\/\/www.ecoledecroly.be\/wp-content\/uploads\/2023\/06\/OKtheatreH1.jpg\" data-width=\"950\" data-height=\"700\"><img loading=\"lazy\" decoding=\"async\" width=\"640\" height=\"472\" src=\"https:\/\/www.ecoledecroly.be\/wp-content\/uploads\/2023\/06\/OKtheatreH1-768x566.jpg\" class=\"attachment-medium_large size-medium_large\" alt=\"\" srcset=\"https:\/\/www.ecoledecroly.be\/wp-content\/uploads\/2023\/06\/OKtheatreH1-768x566.jpg 768w, https:\/\/www.ecoledecroly.be\/wp-content\/uploads\/2023\/06\/OKtheatreH1-300x221.jpg 300w, https:\/\/www.ecoledecroly.be\/wp-content\/uploads\/2023\/06\/OKtheatreH1.jpg 950w\" sizes=\"auto, (max-width: 640px) 100vw, 640px\" \/><div class=\"carousel-slider__caption\"><p class=\"caption\"><\/p><\/div><\/a><\/div>\n\n<div class=\"carousel-slider__item\">\n\t<a class=\"magnific-popup\" href=\"https:\/\/www.ecoledecroly.be\/wp-content\/uploads\/2023\/06\/OKtheatreH2.jpg\" data-width=\"950\" data-height=\"700\"><img loading=\"lazy\" decoding=\"async\" width=\"640\" height=\"472\" src=\"https:\/\/www.ecoledecroly.be\/wp-content\/uploads\/2023\/06\/OKtheatreH2-768x566.jpg\" class=\"attachment-medium_large size-medium_large\" alt=\"\" srcset=\"https:\/\/www.ecoledecroly.be\/wp-content\/uploads\/2023\/06\/OKtheatreH2-768x566.jpg 768w, https:\/\/www.ecoledecroly.be\/wp-content\/uploads\/2023\/06\/OKtheatreH2-300x221.jpg 300w, https:\/\/www.ecoledecroly.be\/wp-content\/uploads\/2023\/06\/OKtheatreH2.jpg 950w\" sizes=\"auto, (max-width: 640px) 100vw, 640px\" \/><div class=\"carousel-slider__caption\"><p class=\"caption\"><\/p><\/div><\/a><\/div>\n\n<\/div><!-- .carousel-slider-1773 -->\n<\/div><!-- .carousel-slider-outer-1773 -->\n\n","protected":false},"excerpt":{"rendered":"<p>UNE ACTIVIT\u00c9 D\u2019EXPRESSION &nbsp;&nbsp;&nbsp;&nbsp;&nbsp;&nbsp;&nbsp;&nbsp;&nbsp;&nbsp;&nbsp; &nbsp;\u00ab&nbsp;Nous ne voulons pas faire de th\u00e9\u00e2tre \u00e0 l\u2019\u00e9cole&nbsp;\u00bb&nbsp;! Du moins au sens qu\u2019a le plus souvent le mot \u00ab&nbsp;th\u00e9\u00e2tre&nbsp;\u00bb comme discipline exigeante et rigoureuse dont l\u2019objectif est de mettre en sc\u00e8ne avec un parti pris esth\u00e9tique un texte dont la valeur litt\u00e9raire est reconnue. Ce que nous voulons, c\u2019est mener&hellip;<\/p>\n","protected":false},"author":3,"featured_media":0,"parent":0,"menu_order":0,"comment_status":"closed","ping_status":"closed","template":"","meta":{"sfsi_plus_gutenberg_text_before_share":"","sfsi_plus_gutenberg_show_text_before_share":"","sfsi_plus_gutenberg_icon_type":"","sfsi_plus_gutenberg_icon_alignemt":"","sfsi_plus_gutenburg_max_per_row":"","footnotes":""},"class_list":["post-199","page","type-page","status-publish","hentry"],"_links":{"self":[{"href":"https:\/\/www.ecoledecroly.be\/index.php\/wp-json\/wp\/v2\/pages\/199","targetHints":{"allow":["GET"]}}],"collection":[{"href":"https:\/\/www.ecoledecroly.be\/index.php\/wp-json\/wp\/v2\/pages"}],"about":[{"href":"https:\/\/www.ecoledecroly.be\/index.php\/wp-json\/wp\/v2\/types\/page"}],"author":[{"embeddable":true,"href":"https:\/\/www.ecoledecroly.be\/index.php\/wp-json\/wp\/v2\/users\/3"}],"replies":[{"embeddable":true,"href":"https:\/\/www.ecoledecroly.be\/index.php\/wp-json\/wp\/v2\/comments?post=199"}],"version-history":[{"count":6,"href":"https:\/\/www.ecoledecroly.be\/index.php\/wp-json\/wp\/v2\/pages\/199\/revisions"}],"predecessor-version":[{"id":1883,"href":"https:\/\/www.ecoledecroly.be\/index.php\/wp-json\/wp\/v2\/pages\/199\/revisions\/1883"}],"wp:attachment":[{"href":"https:\/\/www.ecoledecroly.be\/index.php\/wp-json\/wp\/v2\/media?parent=199"}],"curies":[{"name":"wp","href":"https:\/\/api.w.org\/{rel}","templated":true}]}}