{"id":196,"date":"2022-11-22T08:49:23","date_gmt":"2022-11-22T07:49:23","guid":{"rendered":"http:\/\/decroly.flowzit.com\/?page_id=196"},"modified":"2023-08-27T13:06:51","modified_gmt":"2023-08-27T13:06:51","slug":"les-ateliers","status":"publish","type":"page","link":"https:\/\/www.ecoledecroly.be\/index.php\/les-ateliers\/","title":{"rendered":"Les ateliers"},"content":{"rendered":"\n<p class=\"has-black-color has-text-color\" style=\"font-size:14px\"><strong>Fabriquer, ce n&rsquo;est ni bricoler, ni recopier des mod\u00e8les, ni suivre des modes d&#8217;emploi&#8230; Fabriquer, c&rsquo;est effectuer de v\u00e9ritables travaux manuels o\u00f9 manipuler, observer r\u00e9fl\u00e9chir, inventer, associer seront sollicit\u00e9s; Fabriquer, c&rsquo;est constituer de v\u00e9ritables outils pour apprendre<\/strong><\/p>\n\n\n\n<div class=\"wp-block-columns is-layout-flex wp-container-core-columns-is-layout-9d6595d7 wp-block-columns-is-layout-flex\">\n<div class=\"wp-block-column is-vertically-aligned-top is-layout-flow wp-block-column-is-layout-flow\" style=\"flex-basis:33.33%\">\n<div class=\"carousel-slider-outer carousel-slider-outer-image-carousel carousel-slider-outer-1793\" style=\"--carousel-slider-nav-color:#f1f1f1;--carousel-slider-active-nav-color:#00d1b2;--carousel-slider-arrow-size:48px;--carousel-slider-bullet-size:10px\">\n<div id=\"&#039;id-1793\" class=\"carousel-slider carousel-slider-1793 arrows-visibility-hover dots-visibility-never arrows-outside dots-center dots-circle owl-carousel\" data-slide-type=\"image-carousel\" data-owl-settings='{\"nav\":true,\"dots\":false,\"slideBy\":1,\"stagePadding\":0,\"margin\":10,\"loop\":false,\"lazyLoad\":false,\"autoplay\":false,\"autoplayTimeout\":5000,\"autoplaySpeed\":500,\"autoplayHoverPause\":false,\"autoWidth\":false,\"responsive\":{\"300\":{\"items\":1},\"576\":{\"items\":1},\"768\":{\"items\":1},\"1024\":{\"items\":1},\"1280\":{\"items\":1},\"1536\":{\"items\":1}}}'>\n<div class=\"carousel-slider__item\">\n\t<a class=\"magnific-popup\" href=\"https:\/\/www.ecoledecroly.be\/wp-content\/uploads\/2023\/06\/OKatelierV0.jpg\" data-width=\"950\" data-height=\"700\"><img loading=\"lazy\" decoding=\"async\" width=\"640\" height=\"472\" src=\"https:\/\/www.ecoledecroly.be\/wp-content\/uploads\/2023\/06\/OKatelierV0-768x566.jpg\" class=\"attachment-medium_large size-medium_large\" alt=\"\" srcset=\"https:\/\/www.ecoledecroly.be\/wp-content\/uploads\/2023\/06\/OKatelierV0-768x566.jpg 768w, https:\/\/www.ecoledecroly.be\/wp-content\/uploads\/2023\/06\/OKatelierV0-300x221.jpg 300w, https:\/\/www.ecoledecroly.be\/wp-content\/uploads\/2023\/06\/OKatelierV0.jpg 950w\" sizes=\"auto, (max-width: 640px) 100vw, 640px\" \/><div class=\"carousel-slider__caption\"><p class=\"caption\"><\/p><\/div><\/a><\/div>\n\n<\/div><!-- .carousel-slider-1793 -->\n<\/div><!-- .carousel-slider-outer-1793 -->\n\n<\/div>\n\n\n\n<div class=\"wp-block-column is-layout-flow wp-block-column-is-layout-flow\" style=\"flex-basis:66.66%\">\n<p class=\"has-black-color has-text-color\" style=\"font-size:14px\">Les travaux manuels participent aux d\u00e9veloppement global et harmonieux de l&rsquo;enfant en faisant appel \u00e0 son esprit cr\u00e9atif, \u00e0 sa r\u00e9flexion, \u00e0 son jugement, \u00e0 son go\u00fbt. Ils r\u00e9pondent \u00e0 son besoin d&rsquo;activit\u00e9 physique et s&rsquo;int\u00e8grent dans son d\u00e9veloppement intellectuel et social.<\/p>\n<\/div>\n<\/div>\n\n\n\n<p class=\"has-text-align-left has-black-color has-text-color\" style=\"font-size:14px\"><br>Les travaux manuels sont souvent associ\u00e9s aux apprentissages v\u00e9cus en classe : r\u00e9alisation d&rsquo;une maquette de ch\u00e2teau suite \u00e0 une visite, conception d&rsquo;un tube digestif, avant ou apr\u00e8s une dissection, fabrication d&rsquo;un potiron en papier m\u00e2ch\u00e9 pour se rem\u00e9morer la surprise et son volume. A l&rsquo;insu de l&rsquo;enfant, la r\u00e9alisation tridimensionnelle s&rsquo;inscrit alors en synth\u00e8se des acquis<\/p>\n\n\n\n<div style=\"height:30px\" aria-hidden=\"true\" class=\"wp-block-spacer\"><\/div>\n\n\n<div class=\"carousel-slider-outer carousel-slider-outer-image-carousel carousel-slider-outer-1795\" style=\"--carousel-slider-nav-color:#f1f1f1;--carousel-slider-active-nav-color:#00d1b2;--carousel-slider-arrow-size:48px;--carousel-slider-bullet-size:10px\">\n<div id=\"&#039;id-1795\" class=\"carousel-slider carousel-slider-1795 arrows-visibility-hover dots-visibility-never arrows-outside dots-center dots-circle owl-carousel\" data-slide-type=\"image-carousel\" data-owl-settings='{\"nav\":true,\"dots\":false,\"slideBy\":1,\"stagePadding\":0,\"margin\":10,\"loop\":false,\"lazyLoad\":false,\"autoplay\":false,\"autoplayTimeout\":5000,\"autoplaySpeed\":500,\"autoplayHoverPause\":false,\"autoWidth\":false,\"responsive\":{\"300\":{\"items\":1},\"576\":{\"items\":2},\"768\":{\"items\":2},\"1024\":{\"items\":3},\"1280\":{\"items\":3},\"1536\":{\"items\":3}}}'>\n<div class=\"carousel-slider__item\">\n\t<a class=\"magnific-popup\" href=\"https:\/\/www.ecoledecroly.be\/wp-content\/uploads\/2023\/06\/OKatelierH1.jpg\" data-width=\"950\" data-height=\"700\"><img loading=\"lazy\" decoding=\"async\" width=\"640\" height=\"472\" src=\"https:\/\/www.ecoledecroly.be\/wp-content\/uploads\/2023\/06\/OKatelierH1-768x566.jpg\" class=\"attachment-medium_large size-medium_large\" alt=\"\" srcset=\"https:\/\/www.ecoledecroly.be\/wp-content\/uploads\/2023\/06\/OKatelierH1-768x566.jpg 768w, https:\/\/www.ecoledecroly.be\/wp-content\/uploads\/2023\/06\/OKatelierH1-300x221.jpg 300w, https:\/\/www.ecoledecroly.be\/wp-content\/uploads\/2023\/06\/OKatelierH1.jpg 950w\" sizes=\"auto, (max-width: 640px) 100vw, 640px\" \/><div class=\"carousel-slider__caption\"><p class=\"caption\"><\/p><\/div><\/a><\/div>\n\n<div class=\"carousel-slider__item\">\n\t<a class=\"magnific-popup\" href=\"https:\/\/www.ecoledecroly.be\/wp-content\/uploads\/2023\/06\/OKatelierH2-1.jpg\" data-width=\"950\" data-height=\"700\"><img loading=\"lazy\" decoding=\"async\" width=\"640\" height=\"472\" src=\"https:\/\/www.ecoledecroly.be\/wp-content\/uploads\/2023\/06\/OKatelierH2-1-768x566.jpg\" class=\"attachment-medium_large size-medium_large\" alt=\"\" srcset=\"https:\/\/www.ecoledecroly.be\/wp-content\/uploads\/2023\/06\/OKatelierH2-1-768x566.jpg 768w, https:\/\/www.ecoledecroly.be\/wp-content\/uploads\/2023\/06\/OKatelierH2-1-300x221.jpg 300w, https:\/\/www.ecoledecroly.be\/wp-content\/uploads\/2023\/06\/OKatelierH2-1.jpg 950w\" sizes=\"auto, (max-width: 640px) 100vw, 640px\" \/><div class=\"carousel-slider__caption\"><p class=\"caption\"><\/p><\/div><\/a><\/div>\n\n<div class=\"carousel-slider__item\">\n\t<a class=\"magnific-popup\" href=\"https:\/\/www.ecoledecroly.be\/wp-content\/uploads\/2023\/06\/OKatelierH3.jpg\" data-width=\"950\" data-height=\"700\"><img loading=\"lazy\" decoding=\"async\" width=\"640\" height=\"472\" src=\"https:\/\/www.ecoledecroly.be\/wp-content\/uploads\/2023\/06\/OKatelierH3-768x566.jpg\" class=\"attachment-medium_large size-medium_large\" alt=\"\" srcset=\"https:\/\/www.ecoledecroly.be\/wp-content\/uploads\/2023\/06\/OKatelierH3-768x566.jpg 768w, https:\/\/www.ecoledecroly.be\/wp-content\/uploads\/2023\/06\/OKatelierH3-300x221.jpg 300w, https:\/\/www.ecoledecroly.be\/wp-content\/uploads\/2023\/06\/OKatelierH3.jpg 950w\" sizes=\"auto, (max-width: 640px) 100vw, 640px\" \/><div class=\"carousel-slider__caption\"><p class=\"caption\"><\/p><\/div><\/a><\/div>\n\n<\/div><!-- .carousel-slider-1795 -->\n<\/div><!-- .carousel-slider-outer-1795 -->\n\n\n\n\n<div style=\"height:30px\" aria-hidden=\"true\" class=\"wp-block-spacer\"><\/div>\n\n\n\n<p class=\"has-text-align-left has-black-color has-text-color\" style=\"font-size:14px\">Les travaux manuels d\u00e9veloppent la s\u00fbret\u00e9 et l&rsquo;habilit\u00e9 des mouvements. L&rsquo;enfant d\u00e9couvre la mati\u00e8re dont les propri\u00e9t\u00e9s lui deviennent famili\u00e8res et l&rsquo;outil dont il comprend progressivement le r\u00f4le. Il prend l&rsquo;habitude de surmonter la fatigue par l&rsquo;effort et apprend ainsi la pers\u00e9v\u00e9rance. Il est amen\u00e9 \u00e0 pr\u00e9ciser et \u00e0 corriger ses observations, \u00e0 se poser des questions, \u00e0 anticiper les difficult\u00e9s de r\u00e9alisation et \u00e0 mettre en place une m\u00e9thode de travail. <\/p>\n\n\n\n<div style=\"height:30px\" aria-hidden=\"true\" class=\"wp-block-spacer\"><\/div>\n\n\n\n<p class=\"has-text-align-left has-black-color has-text-color has-small-font-size\"><br><\/p>\n\n\n\n<p><div class=\"carousel-slider-outer carousel-slider-outer-image-carousel carousel-slider-outer-1797\" style=\"--carousel-slider-nav-color:#f1f1f1;--carousel-slider-active-nav-color:#00d1b2;--carousel-slider-arrow-size:48px;--carousel-slider-bullet-size:10px\">\n<div id=\"&#039;id-1797\" class=\"carousel-slider carousel-slider-1797 arrows-visibility-hover dots-visibility-never arrows-outside dots-center dots-circle owl-carousel\" data-slide-type=\"image-carousel\" data-owl-settings='{\"nav\":true,\"dots\":false,\"slideBy\":1,\"stagePadding\":0,\"margin\":10,\"loop\":false,\"lazyLoad\":false,\"autoplay\":false,\"autoplayTimeout\":5000,\"autoplaySpeed\":500,\"autoplayHoverPause\":false,\"autoWidth\":false,\"responsive\":{\"300\":{\"items\":1},\"576\":{\"items\":2},\"768\":{\"items\":2},\"1024\":{\"items\":3},\"1280\":{\"items\":3},\"1536\":{\"items\":3}}}'>\n<div class=\"carousel-slider__item\">\n\t<a class=\"magnific-popup\" href=\"https:\/\/www.ecoledecroly.be\/wp-content\/uploads\/2023\/06\/OKatelierH4-1.jpg\" data-width=\"950\" data-height=\"700\"><img loading=\"lazy\" decoding=\"async\" width=\"640\" height=\"472\" src=\"https:\/\/www.ecoledecroly.be\/wp-content\/uploads\/2023\/06\/OKatelierH4-1-768x566.jpg\" class=\"attachment-medium_large size-medium_large\" alt=\"\" srcset=\"https:\/\/www.ecoledecroly.be\/wp-content\/uploads\/2023\/06\/OKatelierH4-1-768x566.jpg 768w, https:\/\/www.ecoledecroly.be\/wp-content\/uploads\/2023\/06\/OKatelierH4-1-300x221.jpg 300w, https:\/\/www.ecoledecroly.be\/wp-content\/uploads\/2023\/06\/OKatelierH4-1.jpg 950w\" sizes=\"auto, (max-width: 640px) 100vw, 640px\" \/><div class=\"carousel-slider__caption\"><p class=\"caption\"><\/p><\/div><\/a><\/div>\n\n<div class=\"carousel-slider__item\">\n\t<a class=\"magnific-popup\" href=\"https:\/\/www.ecoledecroly.be\/wp-content\/uploads\/2023\/06\/OKatelierH6.jpg\" data-width=\"950\" data-height=\"700\"><img loading=\"lazy\" decoding=\"async\" width=\"640\" height=\"472\" src=\"https:\/\/www.ecoledecroly.be\/wp-content\/uploads\/2023\/06\/OKatelierH6-768x566.jpg\" class=\"attachment-medium_large size-medium_large\" alt=\"\" srcset=\"https:\/\/www.ecoledecroly.be\/wp-content\/uploads\/2023\/06\/OKatelierH6-768x566.jpg 768w, https:\/\/www.ecoledecroly.be\/wp-content\/uploads\/2023\/06\/OKatelierH6-300x221.jpg 300w, https:\/\/www.ecoledecroly.be\/wp-content\/uploads\/2023\/06\/OKatelierH6.jpg 950w\" sizes=\"auto, (max-width: 640px) 100vw, 640px\" \/><div class=\"carousel-slider__caption\"><p class=\"caption\"><\/p><\/div><\/a><\/div>\n\n<div class=\"carousel-slider__item\">\n\t<a class=\"magnific-popup\" href=\"https:\/\/www.ecoledecroly.be\/wp-content\/uploads\/2023\/06\/OKatelierH5-1.jpg\" data-width=\"950\" data-height=\"700\"><img loading=\"lazy\" decoding=\"async\" width=\"640\" height=\"472\" src=\"https:\/\/www.ecoledecroly.be\/wp-content\/uploads\/2023\/06\/OKatelierH5-1-768x566.jpg\" class=\"attachment-medium_large size-medium_large\" alt=\"\" srcset=\"https:\/\/www.ecoledecroly.be\/wp-content\/uploads\/2023\/06\/OKatelierH5-1-768x566.jpg 768w, https:\/\/www.ecoledecroly.be\/wp-content\/uploads\/2023\/06\/OKatelierH5-1-300x221.jpg 300w, https:\/\/www.ecoledecroly.be\/wp-content\/uploads\/2023\/06\/OKatelierH5-1.jpg 950w\" sizes=\"auto, (max-width: 640px) 100vw, 640px\" \/><div class=\"carousel-slider__caption\"><p class=\"caption\"><\/p><\/div><\/a><\/div>\n\n<\/div><!-- .carousel-slider-1797 -->\n<\/div><!-- .carousel-slider-outer-1797 -->\n<br><\/p>\n\n\n\n<div style=\"height:30px\" aria-hidden=\"true\" class=\"wp-block-spacer\"><\/div>\n\n\n\n<p class=\"has-black-color has-text-color\" style=\"font-size:14px\"><strong>L&rsquo;atelier est un lieu privil\u00e9gi\u00e9<\/strong> o\u00f9 les enfants s&rsquo;entraident tant dans les travaux collectifs que personnels. Ils sont tr\u00e8s souvent fiers de leurs r\u00e9alisations et acqui\u00e8rent petit \u00e0 petit un plaisir du travail abouti, que ce soit en modelage, en menuiserie, en peinture, en couture, en assemblage divers&#8230;<\/p>\n\n\n\n<p class=\"has-black-color has-text-color\" style=\"font-size:14px\">La d\u00e9couverte de diff\u00e9rentes mati\u00e8res, de supports plus ou moins \u00e9pais ou rigide, d&rsquo;outils plus souples, plus larges, plus ais\u00e9ment manipulables avec toute la main, pr\u00e9c\u00e8de l&rsquo;apprentissage de techniques particuli\u00e8res, telles l&rsquo;encre de Chine, le papier m\u00e2ch\u00e9, le fusain, la linogravure&#8230; Le cadre offert par ces techniques, par ces mises en situation, va permettre \u00e0 l&rsquo;expression concr\u00e8te \u00ab\u00a0spontan\u00e9e\u00a0\u00bb de s&rsquo;\u00e9panouir.<\/p>\n\n\n\n<div style=\"height:30px\" aria-hidden=\"true\" class=\"wp-block-spacer\"><\/div>\n\n\n\n<div style=\"height:30px\" aria-hidden=\"true\" class=\"wp-block-spacer\"><\/div>\n\n\n\n<div class=\"wp-block-carousel-slider-slider\"><\/div>\n\n\n\n<p><\/p>\n\n\n\n<div style=\"height:30px\" aria-hidden=\"true\" class=\"wp-block-spacer\"><\/div>\n\n\n\n<p><\/p>\n","protected":false},"excerpt":{"rendered":"<p>Fabriquer, ce n&rsquo;est ni bricoler, ni recopier des mod\u00e8les, ni suivre des modes d&#8217;emploi&#8230; Fabriquer, c&rsquo;est effectuer de v\u00e9ritables travaux manuels o\u00f9 manipuler, observer r\u00e9fl\u00e9chir, inventer, associer seront sollicit\u00e9s; Fabriquer, c&rsquo;est constituer de v\u00e9ritables outils pour apprendre Les travaux manuels participent aux d\u00e9veloppement global et harmonieux de l&rsquo;enfant en faisant appel \u00e0 son esprit cr\u00e9atif,&hellip;<\/p>\n","protected":false},"author":3,"featured_media":0,"parent":0,"menu_order":0,"comment_status":"closed","ping_status":"closed","template":"","meta":{"sfsi_plus_gutenberg_text_before_share":"","sfsi_plus_gutenberg_show_text_before_share":"","sfsi_plus_gutenberg_icon_type":"","sfsi_plus_gutenberg_icon_alignemt":"","sfsi_plus_gutenburg_max_per_row":"","footnotes":""},"class_list":["post-196","page","type-page","status-publish","hentry"],"_links":{"self":[{"href":"https:\/\/www.ecoledecroly.be\/index.php\/wp-json\/wp\/v2\/pages\/196","targetHints":{"allow":["GET"]}}],"collection":[{"href":"https:\/\/www.ecoledecroly.be\/index.php\/wp-json\/wp\/v2\/pages"}],"about":[{"href":"https:\/\/www.ecoledecroly.be\/index.php\/wp-json\/wp\/v2\/types\/page"}],"author":[{"embeddable":true,"href":"https:\/\/www.ecoledecroly.be\/index.php\/wp-json\/wp\/v2\/users\/3"}],"replies":[{"embeddable":true,"href":"https:\/\/www.ecoledecroly.be\/index.php\/wp-json\/wp\/v2\/comments?post=196"}],"version-history":[{"count":4,"href":"https:\/\/www.ecoledecroly.be\/index.php\/wp-json\/wp\/v2\/pages\/196\/revisions"}],"predecessor-version":[{"id":1882,"href":"https:\/\/www.ecoledecroly.be\/index.php\/wp-json\/wp\/v2\/pages\/196\/revisions\/1882"}],"wp:attachment":[{"href":"https:\/\/www.ecoledecroly.be\/index.php\/wp-json\/wp\/v2\/media?parent=196"}],"curies":[{"name":"wp","href":"https:\/\/api.w.org\/{rel}","templated":true}]}}