{"id":118,"date":"2022-11-21T15:01:57","date_gmt":"2022-11-21T14:01:57","guid":{"rendered":"http:\/\/decroly.flowzit.com\/?page_id=118"},"modified":"2025-12-03T10:14:21","modified_gmt":"2025-12-03T10:14:21","slug":"lecole","status":"publish","type":"page","link":"https:\/\/www.ecoledecroly.be\/index.php\/lecole\/","title":{"rendered":"L&rsquo;\u00e9cole"},"content":{"rendered":"\n<div class=\"wp-block-columns is-layout-flex wp-container-core-columns-is-layout-9d6595d7 wp-block-columns-is-layout-flex\">\n<div class=\"wp-block-column is-layout-flow wp-block-column-is-layout-flow\" style=\"flex-basis:66.66%\">\n<p class=\"has-black-color has-text-color\" style=\"font-size:15px\"><strong>Projet p\u00e9dagogique<\/strong><\/p>\n\n\n\n<ul class=\"wp-block-list\">\n<li style=\"font-size:14px\"><a href=\"https:\/\/www.ecoledecroly.be\/wp-content\/uploads\/2023\/08\/Projets-21-04-2023.pdf\" data-type=\"link\" data-id=\"https:\/\/www.ecoledecroly.be\/wp-content\/uploads\/2023\/08\/Projets-21-04-2023.pdf\">Projet de l&rsquo;\u00e9cole 2022<\/a><\/li>\n<\/ul>\n\n\n\n<p><\/p>\n\n\n\n<p class=\"has-black-color has-text-color\" style=\"font-size:15px\"><strong>R\u00e9glements<\/strong> (Pdf)<\/p>\n\n\n\n<div class=\"wp-block-columns is-layout-flex wp-container-core-columns-is-layout-9d6595d7 wp-block-columns-is-layout-flex\">\n<div class=\"wp-block-column is-layout-flow wp-block-column-is-layout-flow\" style=\"flex-basis:100%\">\n<ul class=\"wp-block-list\">\n<li style=\"font-size:14px\"><a href=\"https:\/\/www.ecoledecroly.be\/wp-content\/uploads\/2025\/01\/ROI-EF-2025.docx.pdf\" data-type=\"link\" data-id=\"https:\/\/www.ecoledecroly.be\/wp-content\/uploads\/2025\/01\/ROI-EF-2025.docx.pdf\" target=\"_blank\" rel=\"noreferrer noopener\">R.O.I du fondamental<\/a><\/li>\n\n\n\n<li style=\"font-size:14px\"><a href=\"https:\/\/www.ecoledecroly.be\/wp-content\/uploads\/2022\/11\/2019-2020_20R_C3_A8glement_20d_27ordre_20int_C3_A9rieur.pdf\" target=\"_blank\" rel=\"noreferrer noopener\">R.O.I du secondaire<\/a> +&nbsp;<a href=\"https:\/\/www.ecoledecroly.be\/wp-content\/uploads\/2022\/11\/Annexe_20100_20d_C3_A9cret_20mission.pdf\" target=\"_blank\" rel=\"noreferrer noopener\">annexe<\/a><\/li>\n\n\n\n<li style=\"font-size:14px\"><a href=\"https:\/\/www.ecoledecroly.be\/wp-content\/uploads\/2023\/09\/Septembre-2022-reglement-des-etudes-1.pdf\" data-type=\"link\" data-id=\"https:\/\/www.ecoledecroly.be\/wp-content\/uploads\/2023\/09\/Septembre-2022-reglement-des-etudes-1.pdf\" target=\"_blank\" rel=\"noreferrer noopener\">R\u00e8glements des Etudes<\/a><\/li>\n<\/ul>\n<\/div>\n<\/div>\n\n\n\n<p class=\"has-black-color has-text-color\" style=\"font-size:15px\"><strong>Rapport<\/strong><\/p>\n\n\n\n<ul class=\"wp-block-list\">\n<li style=\"font-size:14px\"><a href=\"https:\/\/www.ecoledecroly.be\/wp-content\/uploads\/2025\/11\/2025-Rapport-dactivitesok-.pdf\" target=\"_blank\" rel=\"noreferrer noopener\">Rapport d&rsquo;activit\u00e9s &#8211; ann\u00e9e scolaire 2024-2025<\/a><\/li>\n\n\n\n<li style=\"font-size:14px\"><a href=\"https:\/\/www.ecoledecroly.be\/wp-content\/uploads\/2024\/11\/2024-Rapport-dactivites-2023-2024.docx.pdf\" target=\"_blank\" rel=\"noreferrer noopener\">Rapport d&rsquo;activit\u00e9s &#8211; ann\u00e9e scolaire 2023-2024<\/a><\/li>\n\n\n\n<li style=\"font-size:14px\"><a href=\"https:\/\/www.ecoledecroly.be\/wp-content\/uploads\/2022\/11\/2021-2022RA.pdf\" data-type=\"link\" data-id=\"https:\/\/www.ecoledecroly.be\/wp-content\/uploads\/2022\/11\/2021-2022RA.pdf\" target=\"_blank\" rel=\"noreferrer noopener\">Rapport d&rsquo;activit\u00e9s &#8211; ann\u00e9e scolaire 2021-2022<\/a><\/li>\n\n\n\n<li style=\"font-size:14px\"><a href=\"https:\/\/www.ecoledecroly.be\/wp-content\/uploads\/2022\/11\/2021-2020RapportCED.pdf\" target=\"_blank\" rel=\"noreferrer noopener\">Rapport du Centre d&rsquo;Etudes decrolyennes 2020 &#8211; 2021<\/a><\/li>\n\n\n\n<li style=\"font-size:14px\"><a href=\"https:\/\/www.ecoledecroly.be\/wp-content\/uploads\/2022\/11\/2020-2021RA.pdf\" target=\"_blank\" rel=\"noreferrer noopener\">Rapport d&rsquo;activit\u00e9s &#8211; ann\u00e9e scolaire 2020-2021<\/a><\/li>\n\n\n\n<li style=\"font-size:14px\"><a href=\"https:\/\/www.ecoledecroly.be\/wp-content\/uploads\/2022\/11\/2019-2020RA.pdf\" target=\"_blank\" rel=\"noreferrer noopener\">Rapport d&rsquo;activit\u00e9s&nbsp;&#8211; ann\u00e9e scolaire 2019-2020<\/a><\/li>\n\n\n\n<li style=\"font-size:14px\"><a href=\"https:\/\/www.ecoledecroly.be\/wp-content\/uploads\/2022\/11\/2018-2019RA.pdf\" target=\"_blank\" rel=\"noreferrer noopener\">Rapport d&rsquo;activit\u00e9s &#8211; ann\u00e9e scolaire 2018-2019<\/a><\/li>\n\n\n\n<li style=\"font-size:14px\"><a href=\"https:\/\/www.ecoledecroly.be\/wp-content\/uploads\/2022\/11\/2017-2018RA.pdf\" target=\"_blank\" rel=\"noreferrer noopener\">Rapport d&rsquo;activit\u00e9s &#8211; ann\u00e9e scolaire 2017-2018<\/a><\/li>\n\n\n\n<li style=\"font-size:14px\"><a href=\"https:\/\/www.ecoledecroly.be\/wp-content\/uploads\/2022\/11\/2016-2017RA.pdf\" target=\"_blank\" rel=\"noreferrer noopener\">Rapport d&rsquo;activit\u00e9s &#8211; ann\u00e9e scolaire 2016-2017<\/a><\/li>\n\n\n\n<li style=\"font-size:14px\"><a href=\"https:\/\/www.ecoledecroly.be\/wp-content\/uploads\/2022\/11\/2015-2016RapportCED.pdf\" target=\"_blank\" rel=\"noreferrer noopener\">Rapport du Centre d&rsquo;Etudes decrolyennes 2014 &#8211; 2015<\/a><\/li>\n\n\n\n<li style=\"font-size:14px\"><a href=\"https:\/\/www.ecoledecroly.be\/wp-content\/uploads\/2022\/11\/2014RapportDanse.pdf\" target=\"_blank\" rel=\"noreferrer noopener\">Rapport d&rsquo;activit\u00e9 du projet danse<\/a><\/li>\n<\/ul>\n\n\n\n<p><\/p>\n\n\n\n<p class=\"has-black-color has-text-color\" style=\"font-size:15px\"><strong>Conseil d&rsquo;administration et Assembl\u00e9e g\u00e9n\u00e9rale<\/strong><\/p>\n\n\n\n<ul class=\"wp-block-list\">\n<li style=\"font-size:14px\"><a href=\"https:\/\/www.ecoledecroly.be\/wp-content\/uploads\/2023\/12\/23-11-27-PV-AG.pdf\" data-type=\"link\" data-id=\"https:\/\/www.ecoledecroly.be\/wp-content\/uploads\/2023\/12\/23-11-27-PV-AG.pdf\" target=\"_blank\" rel=\"noreferrer noopener\">AG 27\/11\/2023<\/a><\/li>\n\n\n\n<li style=\"font-size:14px\"><a href=\"https:\/\/www.ecoledecroly.be\/wp-content\/uploads\/2022\/11\/comptes-21-22-CA.pdf\" target=\"_blank\" rel=\"noreferrer noopener\">CA Comptes 2021- 2022<\/a><\/li>\n\n\n\n<li style=\"font-size:14px\"><a href=\"https:\/\/www.ecoledecroly.be\/wp-content\/uploads\/2022\/11\/CA-30-5-2022.pdf\" target=\"_blank\" rel=\"noreferrer noopener\">CA 30\/05\/2022<\/a><\/li>\n\n\n\n<li style=\"font-size:14px\"><a href=\"https:\/\/www.ecoledecroly.be\/wp-content\/uploads\/2022\/11\/CA-2022-03-28.pdf\" target=\"_blank\" rel=\"noreferrer noopener\">CA 28\/03\/2022<\/a><\/li>\n\n\n\n<li style=\"font-size:14px\"><a href=\"https:\/\/www.ecoledecroly.be\/wp-content\/uploads\/2022\/11\/CA-2021-11-15.pdf\" target=\"_blank\" rel=\"noreferrer noopener\">CA 15\/11\/2021<\/a><\/li>\n\n\n\n<li style=\"font-size:14px\"><a href=\"https:\/\/www.ecoledecroly.be\/wp-content\/uploads\/2022\/11\/CA-2016-11-07.pdf\" target=\"_blank\" rel=\"noreferrer noopener\">CA 07\/11\/2016<\/a><\/li>\n\n\n\n<li style=\"font-size:14px\"><a href=\"https:\/\/www.ecoledecroly.be\/wp-content\/uploads\/2022\/11\/CA-2016-05-30.pdf\" target=\"_blank\" rel=\"noreferrer noopener\">CA 30\/05\/2016<\/a><\/li>\n\n\n\n<li style=\"font-size:14px\"><a href=\"https:\/\/www.ecoledecroly.be\/wp-content\/uploads\/2022\/11\/CA-29-11-2016.pdf\" target=\"_blank\" rel=\"noreferrer noopener\">CA 29\/11\/2016<\/a><\/li>\n\n\n\n<li style=\"font-size:14px\"><a href=\"https:\/\/www.ecoledecroly.be\/wp-content\/uploads\/2022\/11\/CA-09112015.pdf\" target=\"_blank\" rel=\"noreferrer noopener\">CA 09\/11\/2015<\/a><\/li>\n\n\n\n<li style=\"font-size:14px\"><a href=\"https:\/\/www.ecoledecroly.be\/wp-content\/uploads\/2022\/11\/Politique_20de_20lutte_20contre_20le_20harcelement.pdf\" target=\"_blank\" rel=\"noreferrer noopener\">CA Politique de l\u2019\u00e9cole en mati\u00e8re de \u00ab harc\u00e8lement \u00bb<\/a><\/li>\n<\/ul>\n\n\n\n<p class=\"has-black-color has-text-color\" style=\"font-size:15px\"><strong>Statuts<\/strong><\/p>\n\n\n\n<ul class=\"wp-block-list\">\n<li style=\"font-size:14px\"><a href=\"https:\/\/www.ecoledecroly.be\/wp-content\/uploads\/2025\/12\/Ecole-Decroly-Statuts-2024-rectifies.pdf\">Statuts rectifi\u00e9s 2024<\/a><\/li>\n\n\n\n<li style=\"font-size:14px\"><a href=\"https:\/\/www.ecoledecroly.be\/wp-content\/uploads\/2025\/05\/Nouveaux-statuts-Association-Ecole-Decroly-lErmitage-2024.pdf\" target=\"_blank\" rel=\"noreferrer noopener\">Statuts de l&rsquo;asbl<\/a><\/li>\n<\/ul>\n<\/div>\n<\/div>\n\n\n\n<p><\/p>\n","protected":false},"excerpt":{"rendered":"<p>Projet p\u00e9dagogique R\u00e9glements (Pdf) Rapport Conseil d&rsquo;administration et Assembl\u00e9e g\u00e9n\u00e9rale Statuts<\/p>\n","protected":false},"author":3,"featured_media":0,"parent":0,"menu_order":0,"comment_status":"closed","ping_status":"closed","template":"","meta":{"sfsi_plus_gutenberg_text_before_share":"","sfsi_plus_gutenberg_show_text_before_share":"","sfsi_plus_gutenberg_icon_type":"","sfsi_plus_gutenberg_icon_alignemt":"","sfsi_plus_gutenburg_max_per_row":"","footnotes":""},"class_list":["post-118","page","type-page","status-publish","hentry"],"_links":{"self":[{"href":"https:\/\/www.ecoledecroly.be\/index.php\/wp-json\/wp\/v2\/pages\/118","targetHints":{"allow":["GET"]}}],"collection":[{"href":"https:\/\/www.ecoledecroly.be\/index.php\/wp-json\/wp\/v2\/pages"}],"about":[{"href":"https:\/\/www.ecoledecroly.be\/index.php\/wp-json\/wp\/v2\/types\/page"}],"author":[{"embeddable":true,"href":"https:\/\/www.ecoledecroly.be\/index.php\/wp-json\/wp\/v2\/users\/3"}],"replies":[{"embeddable":true,"href":"https:\/\/www.ecoledecroly.be\/index.php\/wp-json\/wp\/v2\/comments?post=118"}],"version-history":[{"count":34,"href":"https:\/\/www.ecoledecroly.be\/index.php\/wp-json\/wp\/v2\/pages\/118\/revisions"}],"predecessor-version":[{"id":4304,"href":"https:\/\/www.ecoledecroly.be\/index.php\/wp-json\/wp\/v2\/pages\/118\/revisions\/4304"}],"wp:attachment":[{"href":"https:\/\/www.ecoledecroly.be\/index.php\/wp-json\/wp\/v2\/media?parent=118"}],"curies":[{"name":"wp","href":"https:\/\/api.w.org\/{rel}","templated":true}]}}