{"id":1028,"date":"2023-03-27T11:23:44","date_gmt":"2023-03-27T09:23:44","guid":{"rendered":"http:\/\/decroly.flowzit.com\/?page_id=1028"},"modified":"2026-04-27T06:50:53","modified_gmt":"2026-04-27T06:50:53","slug":"avis-et-communications","status":"publish","type":"page","link":"https:\/\/www.ecoledecroly.be\/index.php\/avis-et-communications\/","title":{"rendered":"Avis et communications"},"content":{"rendered":"\n<p>Uccle, le 27 avril 2026.<\/p>\n\n\n\n<p>Aux parents d\u2019\u00e9l\u00e8ves de l\u2019\u00e9cole secondaire<\/p>\n\n\n\n<p>Madame, Monsieur,<br>Chers parents,<\/p>\n\n\n\n<p>Le front commun syndical a d\u00e9pos\u00e9 un pr\u00e9avis de gr\u00e8ve pour le mardi 12 mai, jour o\u00f9 se tiendra une manifestation nationale de protestation contre les projets de r\u00e9formes du gouvernement f\u00e9d\u00e9ral touchant notamment aux salaires et aux pensions.<\/p>\n\n\n\n<p>Un certain nombre d\u2019enseignant.e.s de l\u2019\u00e9cole ont exprim\u00e9 leur souhait de participer \u00e0 cette action. Il se pourrait donc que les cours soient perturb\u00e9s ce jour-l\u00e0.<\/p>\n\n\n\n<p>Les \u00e9l\u00e8ves qui se pr\u00e9senteront seront pris.e.s en charge et regroup\u00e9.e.s selon les possibilit\u00e9s.<\/p>\n\n\n\n<p>Il n\u2019y aura pas de repas servi \u00e0 l\u2019\u00e9cole.<\/p>\n\n\n\n<p>Les absences en raison de la gr\u00e8ve devront \u00eatre motiv\u00e9es via un billet du journal de classe.<\/p>\n\n\n\n<p>Je vous remercie pour votre compr\u00e9hension.<\/p>\n\n\n\n<p>Marc Charlier<br>Directeur de l\u2019\u00e9cole secondaire<\/p>\n\n\n\n<hr class=\"wp-block-separator has-text-color has-cyan-bluish-gray-color has-alpha-channel-opacity has-cyan-bluish-gray-background-color has-background is-style-wide\"\/>\n\n\n\n<p class=\"has-vivid-red-color has-text-color has-link-color wp-elements-a02911125815f262de69ad1c7dcff53b\">Les parents qui souhaitent s\u2019inscrire aux alertes SMS, permettant de recevoir les mises \u00e0 jour des avis de l\u2019\u00e9cole, doivent imp\u00e9rativement compl\u00e9ter le formulaire que vous trouverez sous le lien ci-dessous.<\/p>\n\n\n\n<p class=\"has-vivid-red-color has-text-color has-link-color wp-elements-5a1dcc44786980e269bcf712077ecdfa\">-Les parents qui sont d\u00e9j\u00e0 inscrits et qui veulent changer de niveau (alerte fondamental &gt; alerte secondaire) doivent compl\u00e9ter une nouvelle fois le formulaire. Seule la derni\u00e8re version sera automatiquement prise en compte.<\/p>\n\n\n\n<p class=\"has-vivid-red-color has-text-color has-link-color wp-elements-cd774d0b2d7a801a820a3b4fff4b1eae\">-Les parents qui veulent se d\u00e9sinscrire doivent r\u00e9pondre STOP ou envoyer un mail \u00e0 <a href=\"mailto:g.limbosch@ecoledecroly.be\">g.limbosch@ecoledecroly.be<\/a>.<\/p>\n\n\n\n<hr class=\"wp-block-separator has-text-color has-cyan-bluish-gray-color has-alpha-channel-opacity has-cyan-bluish-gray-background-color has-background is-style-wide\"\/>\n\n\n\n<div class=\"wp-block-columns is-layout-flex wp-container-core-columns-is-layout-9d6595d7 wp-block-columns-is-layout-flex\">\n<div class=\"wp-block-column is-layout-flow wp-block-column-is-layout-flow\">\n<figure class=\"wp-block-embed is-type-wp-embed is-provider-ecole-decroly wp-block-embed-ecole-decroly\"><div class=\"wp-block-embed__wrapper\">\n<blockquote class=\"wp-embedded-content\" data-secret=\"1uKOEhvHZk\"><a href=\"https:\/\/www.ecoledecroly.be\/index.php\/test\/\">Inscription aux alertes informatives<\/a><\/blockquote><iframe loading=\"lazy\" class=\"wp-embedded-content\" sandbox=\"allow-scripts\" security=\"restricted\" style=\"position: absolute; visibility: hidden;\" title=\"\u00ab\u00a0Inscription aux alertes informatives\u00a0\u00bb &#8212; Ecole Decroly\" src=\"https:\/\/www.ecoledecroly.be\/index.php\/test\/embed\/#?secret=fzhEqu8Jif#?secret=1uKOEhvHZk\" data-secret=\"1uKOEhvHZk\" width=\"600\" height=\"338\" frameborder=\"0\" marginwidth=\"0\" marginheight=\"0\" scrolling=\"no\"><\/iframe>\n<\/div><\/figure>\n<\/div>\n<\/div>\n\n\n\n<hr class=\"wp-block-separator has-text-color has-cyan-bluish-gray-color has-alpha-channel-opacity has-cyan-bluish-gray-background-color has-background is-style-wide\"\/>\n\n\n<section class=\"gutentor-post-module section-79b2e3d4-90e7-4260-8e02-8c612267cb58 gutentor-post-module-p1 gutentor_p1_template1 wp-block-gutentor-p1 gutentor-blog-list\" id=\"79b2e3d4-90e7-4260-8e02-8c612267cb58\" data-gbid=\"79b2e3d4-90e7-4260-8e02-8c612267cb58\" >\n<div class='grid-container'><div class='grid-row' ><article class='gutentor-post gutentor-post-no-thumb'><div class='gutentor-post-item'><div class=\"gutentor-post-content\"><div class=\"gutentor-post-title-data-wrap\"><div class=\"gutentor-post-title\"><a href=\"https:\/\/www.ecoledecroly.be\/index.php\/2026\/04\/27\/preavis-de-greve-10\/\" rel=\"bookmark\">pr\u00e9avis de gr\u00e8ve<\/a><\/div><\/div><div class=\"gutentor-entry-meta gutentor-entry-meta-primary\"><div class=\"posted-on\"><i class=\"far fa-calendar-alt\"><\/i><a href=\"https:\/\/www.ecoledecroly.be\/index.php\/2026\/04\/27\/preavis-de-greve-10\/\" rel=\"bookmark\">27 avril 2026<\/a><\/div><\/div><a class=\"gutentor-button gutentor-post-button\"  href=\"https:\/\/www.ecoledecroly.be\/index.php\/2026\/04\/27\/preavis-de-greve-10\/\" href=\"https:\/\/www.ecoledecroly.be\/index.php\/2026\/04\/27\/preavis-de-greve-10\/\"><span>En savoir plus&#8230;<\/span><\/a><\/div><\/div><\/article><article class='gutentor-post gutentor-post-no-thumb'><div class='gutentor-post-item'><div class=\"gutentor-post-content\"><div class=\"gutentor-post-title-data-wrap\"><div class=\"gutentor-post-title\"><a href=\"https:\/\/www.ecoledecroly.be\/index.php\/2026\/04\/07\/avis-de-greve-2\/\" rel=\"bookmark\">Avis de gr\u00e8ve<\/a><\/div><\/div><div class=\"gutentor-entry-meta gutentor-entry-meta-primary\"><div class=\"posted-on\"><i class=\"far fa-calendar-alt\"><\/i><a href=\"https:\/\/www.ecoledecroly.be\/index.php\/2026\/04\/07\/avis-de-greve-2\/\" rel=\"bookmark\">7 avril 2026<\/a><\/div><\/div><a class=\"gutentor-button gutentor-post-button\"  href=\"https:\/\/www.ecoledecroly.be\/index.php\/2026\/04\/07\/avis-de-greve-2\/\" href=\"https:\/\/www.ecoledecroly.be\/index.php\/2026\/04\/07\/avis-de-greve-2\/\"><span>En savoir plus&#8230;<\/span><\/a><\/div><\/div><\/article><article class='gutentor-post gutentor-post-no-thumb'><div class='gutentor-post-item'><div class=\"gutentor-post-content\"><div class=\"gutentor-post-title-data-wrap\"><div class=\"gutentor-post-title\"><a href=\"https:\/\/www.ecoledecroly.be\/index.php\/2026\/03\/10\/rectification-manifestation-du-12-mars\/\" rel=\"bookmark\">RECTIFICATION \u2013 Manifestation du 12 mars.<\/a><\/div><\/div><div class=\"gutentor-entry-meta gutentor-entry-meta-primary\"><div class=\"posted-on\"><i class=\"far fa-calendar-alt\"><\/i><a href=\"https:\/\/www.ecoledecroly.be\/index.php\/2026\/03\/10\/rectification-manifestation-du-12-mars\/\" rel=\"bookmark\">10 mars 2026<\/a><\/div><\/div><a class=\"gutentor-button gutentor-post-button\"  href=\"https:\/\/www.ecoledecroly.be\/index.php\/2026\/03\/10\/rectification-manifestation-du-12-mars\/\" href=\"https:\/\/www.ecoledecroly.be\/index.php\/2026\/03\/10\/rectification-manifestation-du-12-mars\/\"><span>En savoir plus&#8230;<\/span><\/a><\/div><\/div><\/article><article class='gutentor-post gutentor-post-no-thumb'><div class='gutentor-post-item'><div class=\"gutentor-post-content\"><div class=\"gutentor-post-title-data-wrap\"><div class=\"gutentor-post-title\"><a href=\"https:\/\/www.ecoledecroly.be\/index.php\/2026\/03\/09\/protestation-nationale\/\" rel=\"bookmark\">protestation nationale<\/a><\/div><\/div><div class=\"gutentor-entry-meta gutentor-entry-meta-primary\"><div class=\"posted-on\"><i class=\"far fa-calendar-alt\"><\/i><a href=\"https:\/\/www.ecoledecroly.be\/index.php\/2026\/03\/09\/protestation-nationale\/\" rel=\"bookmark\">9 mars 2026<\/a><\/div><\/div><a class=\"gutentor-button gutentor-post-button\"  href=\"https:\/\/www.ecoledecroly.be\/index.php\/2026\/03\/09\/protestation-nationale\/\" href=\"https:\/\/www.ecoledecroly.be\/index.php\/2026\/03\/09\/protestation-nationale\/\"><span>En savoir plus&#8230;<\/span><\/a><\/div><\/div><\/article><article class='gutentor-post gutentor-post-no-thumb'><div class='gutentor-post-item'><div class=\"gutentor-post-content\"><div class=\"gutentor-post-title-data-wrap\"><div class=\"gutentor-post-title\"><a href=\"https:\/\/www.ecoledecroly.be\/index.php\/2026\/03\/06\/4456\/\" rel=\"bookmark\">Atelier r\u00e9paration de v\u00e9los<\/a><\/div><\/div><div class=\"gutentor-entry-meta gutentor-entry-meta-primary\"><div class=\"posted-on\"><i class=\"far fa-calendar-alt\"><\/i><a href=\"https:\/\/www.ecoledecroly.be\/index.php\/2026\/03\/06\/4456\/\" rel=\"bookmark\">6 mars 2026<\/a><\/div><\/div><a class=\"gutentor-button gutentor-post-button\"  href=\"https:\/\/www.ecoledecroly.be\/index.php\/2026\/03\/06\/4456\/\" href=\"https:\/\/www.ecoledecroly.be\/index.php\/2026\/03\/06\/4456\/\"><span>En savoir plus&#8230;<\/span><\/a><\/div><\/div><\/article><article class='gutentor-post gutentor-post-no-thumb'><div class='gutentor-post-item'><div class=\"gutentor-post-content\"><div class=\"gutentor-post-title-data-wrap\"><div class=\"gutentor-post-title\"><a href=\"https:\/\/www.ecoledecroly.be\/index.php\/2026\/02\/10\/groupe-mobilite\/\" rel=\"bookmark\">Groupe mobilit\u00e9<\/a><\/div><\/div><div class=\"gutentor-entry-meta gutentor-entry-meta-primary\"><div class=\"posted-on\"><i class=\"far fa-calendar-alt\"><\/i><a href=\"https:\/\/www.ecoledecroly.be\/index.php\/2026\/02\/10\/groupe-mobilite\/\" rel=\"bookmark\">10 f\u00e9vrier 2026<\/a><\/div><\/div><a class=\"gutentor-button gutentor-post-button\"  href=\"https:\/\/www.ecoledecroly.be\/index.php\/2026\/02\/10\/groupe-mobilite\/\" href=\"https:\/\/www.ecoledecroly.be\/index.php\/2026\/02\/10\/groupe-mobilite\/\"><span>En savoir plus&#8230;<\/span><\/a><\/div><\/div><\/article><\/div><\/div><\/section>\n\n\n<hr class=\"wp-block-separator has-text-color has-cyan-bluish-gray-color has-alpha-channel-opacity has-cyan-bluish-gray-background-color has-background is-style-wide\"\/>\n\n\n\n<div id=\"section-ga2bb65\" class=\"wp-block-gutentor-e2 section-ga2bb65 gutentor-element gutentor-element-button\"><span class=\"gutentor-button-wrap\"><a class=\"gutentor-button gutentor-block-button gutentor-icon-hide\" href=\"https:\/\/www.ecoledecroly.be\/index.php\/archives-communications\/\"><i class=\"gutentor-button-icon fas fa-book\"><\/i><span>Archives<\/span><\/a><\/span><\/div>\n","protected":false},"excerpt":{"rendered":"<p>Les parents souhaitant recevoir une alerte sur leur gsm \u00e0 chaque mise \u00e0 jour des informations peuvent nous le signaler par email :<\/p>\n<p><a href=\"mailto:g.limbosch@ecoledecroly.be\">g.limbosch@ecoledecroly.be<\/a><\/p>\n","protected":false},"author":3,"featured_media":0,"parent":0,"menu_order":0,"comment_status":"closed","ping_status":"closed","template":"","meta":{"sfsi_plus_gutenberg_text_before_share":"","sfsi_plus_gutenberg_show_text_before_share":"","sfsi_plus_gutenberg_icon_type":"","sfsi_plus_gutenberg_icon_alignemt":"","sfsi_plus_gutenburg_max_per_row":"","footnotes":""},"class_list":["post-1028","page","type-page","status-publish","hentry"],"_links":{"self":[{"href":"https:\/\/www.ecoledecroly.be\/index.php\/wp-json\/wp\/v2\/pages\/1028","targetHints":{"allow":["GET"]}}],"collection":[{"href":"https:\/\/www.ecoledecroly.be\/index.php\/wp-json\/wp\/v2\/pages"}],"about":[{"href":"https:\/\/www.ecoledecroly.be\/index.php\/wp-json\/wp\/v2\/types\/page"}],"author":[{"embeddable":true,"href":"https:\/\/www.ecoledecroly.be\/index.php\/wp-json\/wp\/v2\/users\/3"}],"replies":[{"embeddable":true,"href":"https:\/\/www.ecoledecroly.be\/index.php\/wp-json\/wp\/v2\/comments?post=1028"}],"version-history":[{"count":245,"href":"https:\/\/www.ecoledecroly.be\/index.php\/wp-json\/wp\/v2\/pages\/1028\/revisions"}],"predecessor-version":[{"id":4526,"href":"https:\/\/www.ecoledecroly.be\/index.php\/wp-json\/wp\/v2\/pages\/1028\/revisions\/4526"}],"wp:attachment":[{"href":"https:\/\/www.ecoledecroly.be\/index.php\/wp-json\/wp\/v2\/media?parent=1028"}],"curies":[{"name":"wp","href":"https:\/\/api.w.org\/{rel}","templated":true}]}}